{"id":918,"date":"2025-01-12T18:24:36","date_gmt":"2025-01-12T17:24:36","guid":{"rendered":"http:\/\/mpseurope.unozero.it\/cookie-policy\/"},"modified":"2025-01-12T18:29:26","modified_gmt":"2025-01-12T17:29:26","slug":"cookie-policy","status":"publish","type":"page","link":"https:\/\/mpseurope.com\/it\/cookie-policy\/","title":{"rendered":"Cookie Policy"},"content":{"rendered":"<section id=\"free-content\" class=\"vc_section vc_custom_1612171877297 vc_section-has-fill\" data-vc-full-width=\"true\" data-vc-full-width-init=\"true\" style=\"padding-top: 150px;\">\n<div id=\"vc_row-6783fa8123504\" class=\"vc_row wpb_row vc_row-fluid vc_custom_1614243499460 vc_row-has-fill vc_row-o-equal-height vc_row-o-content-top vc_row-flex\">\n<div class=\"wpb_column vc_column_container vc_col-sm-12\">\n<div class=\"vc_column-inner \">\n<div class=\"wpb_wrapper\">\n<div class=\"wpb_text_column wpb_content_element \">\n<div class=\"wpb_wrapper\">\n<section id=\"hero\" class=\"vc_section vc_custom_1611216330544 vc_section-has-fill\" data-vc-full-width=\"true\" data-vc-full-width-init=\"true\">\n<div id=\"vc_row-6783fb052fd14\" class=\"vc_row wpb_row vc_row-fluid vc_row-o-equal-height vc_row-o-content-middle vc_row-flex\">\n<div class=\"wpb_column vc_column_container vc_col-sm-7\">\n<div class=\"vc_column-inner \">\n<div class=\"wpb_wrapper\">\n<div class=\"wpb_text_column wpb_content_element  vc_custom_1614243669947\">\n<div class=\"wpb_wrapper\">\n<div class=\"headline-big\">Cookie Policy<\/div>\n<\/div>\n<\/div>\n<\/div>\n<\/div>\n<\/div>\n<\/div>\n<\/section>\n<div class=\"vc_row-full-width vc_clearfix\"><\/div>\n<section id=\"free-content\" class=\"vc_section vc_custom_1612171877297 vc_section-has-fill\" data-vc-full-width=\"true\" data-vc-full-width-init=\"true\">\n<div id=\"vc_row-6783fb0530e3c\" class=\"vc_row wpb_row vc_row-fluid vc_custom_1614243499460 vc_row-has-fill vc_row-o-equal-height vc_row-o-content-top vc_row-flex\">\n<div class=\"wpb_column vc_column_container vc_col-sm-12\">\n<div class=\"vc_column-inner \">\n<div class=\"wpb_wrapper\">\n<div class=\"wpb_text_column wpb_content_element \">\n<div class=\"wpb_wrapper\">\n<p>Il trattamento dei dati personali avverr\u00e0 nel pieno rispetto di quanto previsto dall\u2019art. 13 del Regolamento UE 2016\/679 del 27 aprile 2016 relativo alla protezione delle persone fisiche con riguardo al trattamento dei dati personali (di seguito, \u201c<strong>Regolamento<\/strong>\u201c) a fini connessi alla gestione delle attivit\u00e0 promozionali, per l\u2019invio di materiale pubblicitario o per il compimento di ricerche di mercato o di comunicazione commerciale. Il promotore garantisce che i dati potranno essere portati, limitati, rettificati o cancellati in conformit\u00e0 del predetto regolamento, ove possibile ricorrendone i presupposti, su richiesta dell\u2019interessato. Titolare e Responsabile del trattamento dei dati \u00e8:<\/p>\n<p><strong>MPS EUROPE SRL<\/strong><br \/>\nLocalit\u00e0 Dolcecanto<br \/>\n70024 Gravina in Puglia (BA) &#8211; Italy<br \/>\nP. IVA 07735960721<\/p>\n<h4>Cookie Policy<\/h4>\n<p>La presente Cookie Policy \u00e8 relativa al sito\u00a0www.mpseurope.com (\u201cSito\u201d) gestito dalla societ\u00e0 riportata in calce (\u201cGestore\u201d).<\/p>\n<p>I cookies sono piccoli file di testo inviati all\u2019utente dal sito web visitato. Vengono memorizzati sull\u2019hard disk del computer, consentendo in questo modo al sito web di riconoscere gli utenti e memorizzare determinate informazioni su di loro, al fine di permettere o migliorare il servizio offerto. Esistono diverse tipologie di cookies.<\/p>\n<p>Alcuni sono necessari per poter navigare sul Sito, altri hanno scopi diversi come garantire la sicurezza interna, amministrare il sistema, effettuare analisi statistiche, comprendere quali sono le sezioni del Sito che interessano maggiormente gli utenti oppure offrire una visita personalizzata del Sito.<\/p>\n<p>Il Sito utilizza cookies tecnici e di terze parti.<\/p>\n<p>Quanto precede si riferisce sia al computer dell\u2019utente sia ad ogni altro dispositivo che l\u2019utente pu\u00f2 utilizzare per connettersi al Sito.<\/p>\n<p>&nbsp;<\/p>\n<p><strong>Cookies tecnici<\/strong><\/p>\n<p>I cookies tecnici sono quelli utilizzati al solo fine di effettuare la trasmissione di una comunicazione su una rete di comunicazione elettronica, o nella misura strettamente necessaria al fornitore di un servizio della societ\u00e0 dell\u2019informazione esplicitamente richiesto dall\u2019abbonato o dall\u2019utente a erogare tale servizio. Essi non vengono utilizzati per scopi ulteriori e sono normalmente installati direttamente dal titolare o gestore del sito web. Possono essere suddivisi in cookies di navigazione o di sessione, che garantiscono la normale navigazione e fruizione del sito web (permettendo, ad esempio, di realizzare un acquisto o autenticarsi per accedere ad aree riservate); cookies analytics, assimilati ai cookies tecnici laddove utilizzati direttamente dal gestore del sito per raccogliere informazioni, in forma aggregata, sul numero degli utenti e su come questi visitano il sito stesso; cookies di funzionalit\u00e0, che permettono all\u2019utente la navigazione in funzione di una serie di criteri selezionati (ad esempio, la lingua, i prodotti selezionati per l\u2019acquisto) al fine di migliorare il servizio reso allo stesso. La disabilitazione dei cookies potrebbe limitare la possibilit\u00e0 di usare il Sito e impedire di beneficiare in pieno delle funzionalit\u00e0 e dei servizi presenti sul Sito.<\/p>\n<p>Per decidere quali accettare e quali rifiutare, \u00e8 illustrata di seguito una descrizione dei cookies utilizzati sul Sito.<\/p>\n<p>&nbsp;<\/p>\n<p><strong>Tipologie di cookies utilizzati<\/strong><\/p>\n<p><em>Cookies di prima parte<\/em>: i cookies di prima parte (ovvero i cookies che appartengono al sito dell\u2019editore che li ha creati) sono impostati dal sito web visitato dall\u2019utente, il cui indirizzo compare nella finestra URL. L\u2019utilizzo di tali cookies ci permette di far funzionare il sito in modo efficiente.<\/p>\n<p><em>Cookies di sessione<\/em>: i c.d. \u2018cookies di sessione\u2019 sono memorizzati temporaneamente e vengono cancellati quando l\u2019utente chiude il browser. Se l\u2019utente si registra al Sito, pu\u00f2 utilizzare cookies che raccolgono dati personali al fine di identificare l\u2019utente in occasione di visite successive e di facilitare l\u2019accesso \u2013 login al Sito (per esempio conservando username e password dell\u2019utente) e la navigazione sullo stesso.<\/p>\n<p>Inoltre il Sito utilizza i cookies per finalit\u00e0 di amministrazione del sistema. Il Sito potrebbe contenere link ad altri siti. Il Gestore non ha alcun accesso o controllo su cookies, web bacon e altre tecnologie di tracciamento usate sui siti di terzi cui l\u2019utente pu\u00f2 accedere dal Sito, sulla disponibilit\u00e0, su qualsiasi contenuto e materiale che \u00e8 pubblicato oppure ottenuto attraverso tali siti e sulle relative modalit\u00e0 di trattamento dei dati personali; Il Gestore a questo proposito, considerata la mole di tali siti terzi, declina espressamente ogni relativa responsabilit\u00e0. L\u2019utente dovrebbe verificare la privacy policy dei siti di terzi cui accede dal Sito per conoscere le condizioni applicabili al trattamento dei dati personali poich\u00e9 la Privacy Policy del Gestore si applica solo al Sito come sopra definito.<\/p>\n<p><em>Cookies persistenti<\/em>: i cookies persistenti sono memorizzati sul dispositivo degli utenti tra le sessioni del browser, consentendo di ricordare le preferenze o le azioni dell\u2019utente in un sito. Possono essere utilizzati per diversi scopi, ad esempio per ricordare le preferenze e le scelte quando si utilizza il Sito.<\/p>\n<p><em>Cookies essenziali<\/em>: questi cookies sono strettamente necessari per il funzionamento del Sito. Senza l\u2019uso di tali cookies alcune parti del Sito non funzionerebbero. Comprendono, ad esempio, i cookies che consentono di accedere in aree protette del Sito. Questi cookies non raccolgono informazioni per scopi di marketing e non possono essere disattivati.<\/p>\n<p><em>Cookies funzionali<\/em>: questi cookies servono a riconoscere un utente che torna a visitare il Sito. Permettono di personalizzare i contenuti e ricordate le preferenze (ad esempio, la lingua selezionata o la regione). Questi cookies non raccolgono informazioni che possono identificare l\u2019utente. Tutte le informazioni raccolte sono anonime.<\/p>\n<p><em>Cookies di condivisione sui Social Network<\/em>: questi cookies facilitano la condivisione dei contenuti del sito attraverso social network quali Facebook e Twitter. Per prendere visione delle rispettive privacy e cookies policies \u00e8 possibile visitare i siti web dei social networks.<\/p>\n<p>&nbsp;<\/p>\n<p><strong>Cookies di terze parti utilizzati sul sito<\/strong><\/p>\n<p>Widget Video Youtube (Google Inc.)<br \/>\nYoutube \u00e8 un servizio di visualizzazione di contenuti video gestito da Google Inc. che permette a questo Spazio Web di integrare tali contenuti all\u2019interno delle proprie pagine.<br \/>\nDati personali raccolti: cookie e dati di utilizzo.<br \/>\nLuogo del trattamento: USA.<br \/>\nPrivacy Policy:\u00a0<a href=\"https:\/\/policies.google.com\/privacy?hl=it&amp;gl=it\" target=\"_blank\" rel=\"noopener noreferrer\">http:\/\/www.google.it\/intl\/it\/policies\/privacy\/<\/a><\/p>\n<p>Widget Google Analytics (Google Inc.)<br \/>\nGoogle Analytics \u00e8 un servizio di monitoraggio e produzione di statistiche relative ai visitatori del sito e ai dispositivi da essi usati per navigarlo.<br \/>\nDati personali raccolti: cookie e dati di utilizzo.<br \/>\nLuogo del trattamento: USA.<br \/>\nPrivacy Policy:\u00a0<a href=\"https:\/\/policies.google.com\/privacy?hl=it&amp;gl=it\" target=\"_blank\" rel=\"noopener noreferrer\">http:\/\/www.google.it\/intl\/it\/policies\/privacy\/<\/a><\/p>\n<p>&nbsp;<\/p>\n<p><strong>Come modificare le impostazioni sui cookies<\/strong><\/p>\n<p>La maggior parte dei browser accetta automaticamente i cookies, ma l\u2019utente normalmente pu\u00f2 modificare le impostazioni per disabilitare tale funzione. E\u2019 possibile bloccare tutte le tipologie di cookies, oppure accettare di riceverne soltanto alcuni e disabilitarne altri. La sezione \u201cOpzioni\u201d o \u201cPreferenze\u201d nel menu del browser permettono di evitare di ricevere cookies e altre tecnologie di tracciamento utente, e come ottenere notifica dal browser dell\u2019attivazione di queste tecnologie. In alternativa, \u00e8 anche possibile consultare la sezione \u201cAiuto\u201d della barra degli strumenti presente nella maggior parte dei browser.<\/p>\n<p>Per maggiori informazioni sui cookie e per gestire le preferenze sui cookie (di prima e\/o terza parte) si invitano gli utenti a visitare anche la piattaforma www.youronlinechoices.com. Si ricorda per\u00f2 che la disabilitazione dei cookie di navigazione o quelli funzionali pu\u00f2 causare il malfunzionamento del Sito e\/o limitare il servizio offerto dal Gestore.<\/p>\n<p>Se vuoi saperne di pi\u00f9, puoi consultare i seguenti siti:<\/p>\n<ul>\n<li><a href=\"http:\/\/www.youronlinechoices.com\/\" target=\"_blank\" rel=\"noopener noreferrer\">http:\/\/www.youronlinechoices.com\/<\/a><\/li>\n<li><a href=\"http:\/\/www.allaboutcookies.org\/\" target=\"_blank\" rel=\"noopener noreferrer\">http:\/\/www.allaboutcookies.org\/<\/a><\/li>\n<li><a href=\"https:\/\/www.cookiechoices.org\/\" target=\"_blank\" rel=\"noopener noreferrer\">https:\/\/www.cookiechoices.org\/<\/a><\/li>\n<li><a href=\"http:\/\/www.garanteprivacy.it\/web\/guest\/home\/docweb\/-\/docweb-display\/docweb\/3118884\" target=\"_blank\" rel=\"noopener noreferrer\">http:\/\/www.garanteprivacy.it\/web\/guest\/home\/docweb\/-\/docweb-display\/docweb\/3118884<\/a><\/li>\n<\/ul>\n<p>&nbsp;<\/p>\n<p><strong>Come disabilitare\/cancellare i cookie mediante configurazione del browser<\/strong><\/p>\n<p><strong>Chrome<\/strong><\/p>\n<ol>\n<li>Eseguire il Browser Chrome<\/li>\n<li>Fare click sul men\u00f9 presente nella barra degli strumenti del browser a fianco della finestra di inserimento url per la navigazione<\/li>\n<li>Selezionare Impostazioni<\/li>\n<li>Fare clic su Mostra Impostazioni Avanzate<\/li>\n<li>Nella sezione \u201cPrivacy\u201d fare clic su bottone \u201cImpostazioni contenuti\u201c<\/li>\n<li>Nella sezione \u201cCookie\u201d \u00e8 possibile modificare le seguenti impostazioni relative ai cookie:<br \/>\n\u2013 Consentire il salvataggio dei dati in locale<br \/>\n\u2013\u00a0Modificare i dati locali solo fino alla chiusura del browser<br \/>\n\u2013 Impedire ai siti di impostare i cookie<br \/>\n\u2013 Bloccare i cookie di terze parti e i dati dei siti<br \/>\n\u2013 Gestire le eccezioni per alcuni siti internet<br \/>\n\u2013 Eliminare uno o tutti i cookie<\/li>\n<\/ol>\n<p>Per maggiori informazioni visita la\u00a0<a href=\"https:\/\/support.google.com\/chrome\/answer\/95647?hl=it&amp;co=GENIE.Platform=Desktop\" target=\"_blank\" rel=\"noopener noreferrer\">pagina dedicata<\/a>.<\/p>\n<p><strong>Mozilla Firefox<\/strong><\/p>\n<ol>\n<li>Eseguire il Browser Mozilla Firefox<\/li>\n<li>Fare click sul men\u00f9 presente nella barra degli strumenti del browser a fianco della finestra di inserimento url per la navigazione<\/li>\n<li>Selezionare Opzioni<\/li>\n<li>Selezionare il pannello Privacy<\/li>\n<li>Fare clic su Mostra Impostazioni Avanzate<\/li>\n<li>Nella sezione \u201cPrivacy\u201d fare clic su bottone \u201cImpostazioni contenuti\u201c<\/li>\n<li>Nella sezione \u201cTracciamento\u201d \u00e8 possibile modificare le seguenti impostazioni relative ai cookie:<br \/>\n\u2013 Richiedi ai siti di non effettuare alcun tracciamento<br \/>\n\u2013 Comunica ai siti la disponibilit\u00e0 ad essere tracciato<br \/>\n\u2013 Non comunicare alcuna preferenza relativa al tracciamento dei dati personali<\/li>\n<li>Dalla sezione \u201cCronologia\u201d \u00e8 possibile:<br \/>\n\u2013 Abilitando \u201cUtilizza impostazioni personalizzate\u201d selezionare di accettare i cookie di terze parti (sempre, dai siti pi\u00f9 visitato o mai) e di conservarli per un periodo determinato (fino alla loro scadenza, alla chiusura di Firefox o di chiedere ogni volta)<br \/>\n\u2013 Rimuovere i singoli cookie immagazzinati.<\/li>\n<\/ol>\n<p>Per maggiori informazioni visita la\u00a0<a href=\"https:\/\/support.mozilla.org\/it\/kb\/Attivare%20e%20disattivare%20i%20cookie\" target=\"_blank\" rel=\"noopener noreferrer\">pagina dedicata<\/a>.<\/p>\n<p><strong>Internet Explorer<\/strong><\/p>\n<ol>\n<li>Eseguire il Browser Internet Explorer<\/li>\n<li>Fare click sul pulsante Strumenti e scegliere Opzioni Internet<\/li>\n<li>Fare click sulla scheda Privacy e, nella sezione Impostazioni, modificare il dispositivo di scorrimento in funzione dell\u2019azione desiderata per i cookie:<br \/>\n\u2013 Bloccare tutti i cookie<br \/>\n\u2013 Consentire tutti i cookie<br \/>\n\u2013 Selezionare i siti da cui ottenere cookie: spostare il cursore in una posizione intermedia in modo da non bloccare o consentire tutti i cookie, premere quindi su Siti, nella casella Indirizzo Sito Web inserire un sito internet e quindi premere su Blocca o Consenti.<\/li>\n<\/ol>\n<p>Per maggiori informazioni visita la\u00a0<a href=\"https:\/\/support.microsoft.com\/it-it\/help\/17442\/windows-internet-explorer-delete-manage-cookies\" target=\"_blank\" rel=\"noopener noreferrer\">pagina dedicata<\/a>.<\/p>\n<p><strong>Safari<\/strong><\/p>\n<ol>\n<li>Eseguire il Browser Safari<\/li>\n<li>Fare click su Safari, selezionare Preferenze e premere su Privacy<\/li>\n<li>Nella sezione Blocca Cookie specificare come Safari deve accettare i cookie dai siti internet.<\/li>\n<li>Per visionare quali siti hanno immagazzinato i cookie cliccare su Dettagli<\/li>\n<\/ol>\n<p>Per maggiori informazioni visita la\u00a0<a href=\"https:\/\/support.apple.com\/kb\/ph21411?locale=it_IT\" target=\"_blank\" rel=\"noopener noreferrer\">pagina dedicata<\/a>.<\/p>\n<p><strong>Safari iOS (dispositivi mobile)<\/strong><\/p>\n<ol>\n<li>Eseguire il Browser Safari iOS<\/li>\n<li>Tocca su Impostazioni e poi Safari<\/li>\n<li>Tocca su Blocca Cookie e scegli tra le varie opzioni: \u201cMai\u201d, \u201cDi terze parti e inserzionisti\u201d o \u201cSempre\u201d<\/li>\n<li>Per cancellare tutti i cookie immagazzinati da Safari, tocca su Impostazioni, poi su Safari e infine su Cancella Cookie e dati<\/li>\n<\/ol>\n<p>Per maggiori informazioni visita la\u00a0<a href=\"https:\/\/support.apple.com\/it-it\/HT201265\" target=\"_blank\" rel=\"noopener noreferrer\">pagina dedicata<\/a>.<\/p>\n<p><strong>Opera<\/strong><\/p>\n<ol>\n<li>Eseguire il Browser Opera<\/li>\n<li>Fare click sul Preferenze poi su Avanzate e infine su Cookie<\/li>\n<li>Selezionare una delle seguenti opzioni:<br \/>\n\u2013 Accetta tutti i cookie<br \/>\n\u2013 Accetta i cookie solo dal sito che si visita: i cookie di terze parti e quelli che vengono inviati da un dominio diverso da quello che si sta visitando verranno rifiutati<br \/>\n\u2013 Non accettare mai i cookie: tutti i cookie non verranno mai salvati.<\/li>\n<\/ol>\n<p>Per maggiori informazioni visita la\u00a0<a href=\"http:\/\/help.opera.com\/Windows\/10.00\/it\/cookies.html\" target=\"_blank\" rel=\"noopener noreferrer\">pagina dedicata<\/a>.<\/p>\n<\/div>\n<\/div>\n<\/div>\n<\/div>\n<\/div>\n<\/div>\n<\/section>\n<\/div>\n<\/div>\n<\/div>\n<\/div>\n<\/div>\n<\/div>\n<\/section>\n","protected":false},"excerpt":{"rendered":"<p>Cookie Policy Il trattamento dei dati personali avverr\u00e0 nel pieno rispetto di quanto previsto dall\u2019art. 13 del Regolamento UE 2016\/679 del 27 aprile 2016 relativo alla<span class=\"excerpt-hellip\"> [\u2026]<\/span><\/p>\n","protected":false},"author":1,"featured_media":0,"parent":0,"menu_order":0,"comment_status":"closed","ping_status":"closed","template":"","meta":{"footnotes":""},"class_list":["post-918","page","type-page","status-publish","hentry"],"yoast_head":"<!-- This site is optimized with the Yoast SEO plugin v24.5 - https:\/\/yoast.com\/wordpress\/plugins\/seo\/ -->\n<title>Cookie Policy - MPS EUROPE<\/title>\n<meta name=\"robots\" content=\"index, follow, max-snippet:-1, max-image-preview:large, max-video-preview:-1\" \/>\n<link rel=\"canonical\" href=\"https:\/\/mpseurope.com\/cookie-policy\/\" \/>\n<meta property=\"og:locale\" content=\"it_IT\" \/>\n<meta property=\"og:type\" content=\"article\" \/>\n<meta property=\"og:title\" content=\"Cookie Policy - MPS EUROPE\" \/>\n<meta property=\"og:description\" content=\"Cookie Policy Il trattamento dei dati personali avverr\u00e0 nel pieno rispetto di quanto previsto dall\u2019art. 13 del Regolamento UE 2016\/679 del 27 aprile 2016 relativo alla [\u2026]\" \/>\n<meta property=\"og:url\" content=\"https:\/\/mpseurope.com\/cookie-policy\/\" \/>\n<meta property=\"og:site_name\" content=\"MPS EUROPE\" \/>\n<meta property=\"article:modified_time\" content=\"2025-01-12T17:29:26+00:00\" \/>\n<meta name=\"twitter:card\" content=\"summary_large_image\" \/>\n<meta name=\"twitter:label1\" content=\"Tempo di lettura stimato\" \/>\n\t<meta name=\"twitter:data1\" content=\"9 minuti\" \/>\n<script type=\"application\/ld+json\" class=\"yoast-schema-graph\">{\"@context\":\"https:\/\/schema.org\",\"@graph\":[{\"@type\":\"WebPage\",\"@id\":\"https:\/\/mpseurope.com\/cookie-policy\/\",\"url\":\"https:\/\/mpseurope.com\/cookie-policy\/\",\"name\":\"Cookie Policy - MPS EUROPE\",\"isPartOf\":{\"@id\":\"https:\/\/mpseurope.com\/es\/#website\"},\"datePublished\":\"2025-01-12T17:24:36+00:00\",\"dateModified\":\"2025-01-12T17:29:26+00:00\",\"breadcrumb\":{\"@id\":\"https:\/\/mpseurope.com\/cookie-policy\/#breadcrumb\"},\"inLanguage\":\"it-IT\",\"potentialAction\":[{\"@type\":\"ReadAction\",\"target\":[\"https:\/\/mpseurope.com\/cookie-policy\/\"]}]},{\"@type\":\"BreadcrumbList\",\"@id\":\"https:\/\/mpseurope.com\/cookie-policy\/#breadcrumb\",\"itemListElement\":[{\"@type\":\"ListItem\",\"position\":1,\"name\":\"Home\",\"item\":\"https:\/\/mpseurope.com\/it\/\"},{\"@type\":\"ListItem\",\"position\":2,\"name\":\"Cookie Policy\"}]},{\"@type\":\"WebSite\",\"@id\":\"https:\/\/mpseurope.com\/es\/#website\",\"url\":\"https:\/\/mpseurope.com\/es\/\",\"name\":\"MPS EUROPE\",\"description\":\"\",\"potentialAction\":[{\"@type\":\"SearchAction\",\"target\":{\"@type\":\"EntryPoint\",\"urlTemplate\":\"https:\/\/mpseurope.com\/es\/?s={search_term_string}\"},\"query-input\":{\"@type\":\"PropertyValueSpecification\",\"valueRequired\":true,\"valueName\":\"search_term_string\"}}],\"inLanguage\":\"it-IT\"}]}<\/script>\n<!-- \/ Yoast SEO plugin. -->","yoast_head_json":{"title":"Cookie Policy - MPS EUROPE","robots":{"index":"index","follow":"follow","max-snippet":"max-snippet:-1","max-image-preview":"max-image-preview:large","max-video-preview":"max-video-preview:-1"},"canonical":"https:\/\/mpseurope.com\/cookie-policy\/","og_locale":"it_IT","og_type":"article","og_title":"Cookie Policy - MPS EUROPE","og_description":"Cookie Policy Il trattamento dei dati personali avverr\u00e0 nel pieno rispetto di quanto previsto dall\u2019art. 13 del Regolamento UE 2016\/679 del 27 aprile 2016 relativo alla [\u2026]","og_url":"https:\/\/mpseurope.com\/cookie-policy\/","og_site_name":"MPS EUROPE","article_modified_time":"2025-01-12T17:29:26+00:00","twitter_card":"summary_large_image","twitter_misc":{"Tempo di lettura stimato":"9 minuti"},"schema":{"@context":"https:\/\/schema.org","@graph":[{"@type":"WebPage","@id":"https:\/\/mpseurope.com\/cookie-policy\/","url":"https:\/\/mpseurope.com\/cookie-policy\/","name":"Cookie Policy - MPS EUROPE","isPartOf":{"@id":"https:\/\/mpseurope.com\/es\/#website"},"datePublished":"2025-01-12T17:24:36+00:00","dateModified":"2025-01-12T17:29:26+00:00","breadcrumb":{"@id":"https:\/\/mpseurope.com\/cookie-policy\/#breadcrumb"},"inLanguage":"it-IT","potentialAction":[{"@type":"ReadAction","target":["https:\/\/mpseurope.com\/cookie-policy\/"]}]},{"@type":"BreadcrumbList","@id":"https:\/\/mpseurope.com\/cookie-policy\/#breadcrumb","itemListElement":[{"@type":"ListItem","position":1,"name":"Home","item":"https:\/\/mpseurope.com\/it\/"},{"@type":"ListItem","position":2,"name":"Cookie Policy"}]},{"@type":"WebSite","@id":"https:\/\/mpseurope.com\/es\/#website","url":"https:\/\/mpseurope.com\/es\/","name":"MPS EUROPE","description":"","potentialAction":[{"@type":"SearchAction","target":{"@type":"EntryPoint","urlTemplate":"https:\/\/mpseurope.com\/es\/?s={search_term_string}"},"query-input":{"@type":"PropertyValueSpecification","valueRequired":true,"valueName":"search_term_string"}}],"inLanguage":"it-IT"}]}},"_links":{"self":[{"href":"https:\/\/mpseurope.com\/it\/wp-json\/wp\/v2\/pages\/918","targetHints":{"allow":["GET"]}}],"collection":[{"href":"https:\/\/mpseurope.com\/it\/wp-json\/wp\/v2\/pages"}],"about":[{"href":"https:\/\/mpseurope.com\/it\/wp-json\/wp\/v2\/types\/page"}],"author":[{"embeddable":true,"href":"https:\/\/mpseurope.com\/it\/wp-json\/wp\/v2\/users\/1"}],"replies":[{"embeddable":true,"href":"https:\/\/mpseurope.com\/it\/wp-json\/wp\/v2\/comments?post=918"}],"version-history":[{"count":2,"href":"https:\/\/mpseurope.com\/it\/wp-json\/wp\/v2\/pages\/918\/revisions"}],"predecessor-version":[{"id":924,"href":"https:\/\/mpseurope.com\/it\/wp-json\/wp\/v2\/pages\/918\/revisions\/924"}],"wp:attachment":[{"href":"https:\/\/mpseurope.com\/it\/wp-json\/wp\/v2\/media?parent=918"}],"curies":[{"name":"wp","href":"https:\/\/api.w.org\/{rel}","templated":true}]}}