{"id":889,"date":"2025-01-08T18:40:34","date_gmt":"2025-01-08T17:40:34","guid":{"rendered":"http:\/\/mpseurope.unozero.it\/general-terms-and-conditions-of-sale\/"},"modified":"2025-01-22T17:02:53","modified_gmt":"2025-01-22T16:02:53","slug":"condizioni-generali-di-vendita","status":"publish","type":"page","link":"https:\/\/mpseurope.com\/it\/condizioni-generali-di-vendita\/","title":{"rendered":"Condizioni generali di vendita"},"content":{"rendered":"<section id=\"free-content\" class=\"vc_section vc_custom_1612171877297 vc_section-has-fill\" data-vc-full-width=\"true\" data-vc-full-width-init=\"true\" style=\"padding-top:150px\">\n<div id=\"vc_row-677eb872e854d\" class=\"vc_row wpb_row vc_row-fluid vc_custom_1614243499460 vc_row-has-fill vc_row-o-equal-height vc_row-o-content-top vc_row-flex\">\n<div class=\"wpb_column vc_column_container vc_col-sm-12\">\n<div class=\"vc_column-inner \">\n<div class=\"wpb_wrapper\">\n<div class=\"wpb_text_column wpb_content_element \">\n<div class=\"wpb_wrapper\">\n<p>Le vendite concluse dalla MPS EUROPE SRL (il Produttore) con i propri clienti (l\u2019Acquirente) sono soggette alle e regolate dalle seguenti condizioni generali di vendita che si applicano, salvo diversa ed espressa contraria pattuizione tra il Produttore e l\u2019Acquirente (le Parti), ad ogni negoziazione per l\u2019acquisto di Prodotti, come nel seguito definiti, tra esse Parti. Le presenti condizioni generali di vendita si applicano alle compravendite di ogni bene e servizio, commercializzato dal Produttore (i\/il Prodotti\/o).<\/p>\n<p>I termini e le condizioni che seguono integrano e completano quanto contenuto nell\u2019ordine dell\u2019Acquirente e nella conferma d\u2019ordine del Produttore, anche nel caso non si faccia alcun espresso richiamo nell\u2019ordine oppure nella conferma d\u2019ordine alle condizioni generali di vendita. In caso di contrasto tra i contenuti delle presenti condizioni generali di vendita e quanto previsto nella conferma d\u2019ordine del Produttore, le disposizioni di quest\u2019ultima prevarranno sulle previsioni disciplinate dalla presenti condizioni generali di vendita, limitatamente alle relative parti in contrasto.<\/p>\n<h3>1) Ordini di acquisto<\/h3>\n<p>1.1 L\u2019invio di un ordine di acquisto, anche se non sottoscritto dall\u2019 Acquirente ma a quest\u2019ultimo riferibile quanto alla sua provenienza, costituisce, a tutti gli effetti, una proposta vincolante di acquisto. In ogni caso, la suddetta proposta sar\u00e0 vincolante per il Produttore solo se da esso Produttore confermata attraverso una propria conferma d\u2019ordine, eventualmente contenente modifiche, aggiunte o esclusioni, inviata all\u2019Acquirente.<\/p>\n<p>1.2 Ogni contratto di vendita tra il Produttore e l\u2019Acquirente si considera concluso quando il Produttore riceve accettazione scritta alla propria conferma d\u2019ordine da parte dell\u2019Acquirente.<\/p>\n<p>1.3 Le immagini dei Prodotti ed i dati contenuti in cataloghi o altro materiale promozionale, incluso il sito aziendale, sono solo indicativi. Il Produttore ha facolt\u00e0 di introdurre modifiche tecnico-produttive ai Prodotti e \/ o interrompere, sospendere o cessare la produzione di alcuni Prodotti, senza necessit\u00e0 di ottenere un\u2019autorizzazione da parte dell\u2019Acquirente.<\/p>\n<p>1.4 In caso di difficolt\u00e0 nella fabbricazione dei Prodotti, il Produttore \u00e8 autorizzato ad eseguire parzialmente la vendita.<\/p>\n<p>1.5 Il Produttore si riserva di recedere dalla vendita ogni qualvolta abbia fondati motivi per ritenere che l\u2019Acquirente, per proprie condizioni patrimoniali o per altre ragioni, non adempir\u00e0 correttamente la propria prestazione di pagamento del prezzo o di ritiro o presa in consegna dei Prodotti.<\/p>\n<h3>2) Condizioni e modalit\u00e0 di pagamento<\/h3>\n<p>2.1 L\u2019Acquirente si impegna a rispettare scrupolosamente i termini di pagamento come concordati tra le Parti. In presenza di pagamento in tutto oppure solo in parte anticipato, la messa in produzione dei Prodotti potr\u00e0 avere inizio solo dopo il ricevimento della prevista tranche di pagamento da parte del Produttore sul conto corrente bancario da quest\u2019ultimo indicato nella propria conferma d\u2019ordine. Il ritardo nel pagamento delle tranche del corrispettivo d\u00e0 diritto al Produttore di ritardare o sospendere la produzione o la consegna dei Prodotti sino a quando gli importi ancora dovutigli non siano pervenuti sul suo conto corrente bancario, maggiorati degli interessi di legge.<\/p>\n<p>2.2 Qualora siano trascorsi 30 giorni di ritardo dalla data prevista per il pagamento della rata di prezzo senza che l\u2019Acquirente abbia fornito una garanzia, gradita ed accettata dal Produttore, circa l\u2019effettivo pagamento di quanto dovuto tra sorte capitale ed interessi, il Produttore avr\u00e0 diritto di risolvere il contratto di vendita, trattenendo le somme sino ad allora corrispostegli quale penale per l\u2019inadempimento e fatto salvo il suo diritto al risarcimento del maggior danno.<\/p>\n<p>2.3 Le vendite del Produttore sono soggette alla riserva di propriet\u00e0, ex art. 1523 e ss del codice civile italiano; pertanto, l\u2019Acquirente non potr\u00e0 costituire pegno n\u00e9 altra forma di garanzia o vincolo sui Prodotti, sino al loro integrale pagamento.<\/p>\n<h3>3) Modalit\u00e0 di consegna<\/h3>\n<p>3.1 Tutte le consegne dei Prodotti dal Produttore all\u2019 Acquirente, salvo diverso accordo tra le Parti, devono essere effettuate  MPS EUROPE, Localit\u00e0 Dolcecanto 70024 Gravina in Puglia (BA) &#8211; Italy.<\/p>\n<p>3.2 Resta inteso che, anche nel caso le Parti abbiano espressamente concordato nella specifica compravendita che il Produttore si far\u00e0 carico della prima installazione del\/dei Prodotti, il termine di resa \u00e8 da considerarsi sempre MPS EUROPE, Localit\u00e0 Dolcecanto 70024 Gravina in Puglia (BA) &#8211; Italy, salvo diversa espressa pattuizione tra le Parti.<\/p>\n<h3>4) Termini di consegna<\/h3>\n<p>4.1 Il Produttore si impegna a consegnare i Prodotti entro le date concordate tra le Parti per la specifica compravendita. Eccezionalmente, ed a fronte di motivata comunicazione all\u2019Acquirente, \u00e8 concesso al Produttore di adempiere alla consegna complessiva dei Prodotti con spedizioni parziali.<\/p>\n<p>4.2 Il Produttore comunicher\u00e0 all\u2019Acquirente avviso di merce approntata e pronta per la partenza. Qualora l\u2019Acquirente non esegua il pagamento della rata di corrispettivo collegata a tale comunicazione oppure non provveda al ritiro dei Prodotti, il Produttore, trascorsi 10 giorni di ritardo dalla data di ritiro da questi comunicata all\u2019Acquirente, avr\u00e0 diritto di fare depositare la merce presso terzi, addebitando i costi di trasporto e magazzino all\u2019Acquirente. In ogni caso, tutti i rischi relativi a perimento, danni ed ammanchi alla merce ricadono in capo all\u2019Acquirente, a decorrere dal primo giorno di ritardo rispetto al termine di ritiro comunicatogli dal Produttore.<\/p>\n<p>4.3 Trascorsi 30 giorni di ritardo dalla data di ritiro comunicata dal Produttore, ed in mancanza di garanzie da parte dell\u2019Acquirente circa l\u2019effettivo ritiro dei Prodotti, il Produttore avr\u00e0 diritto di disporre dei Prodotti come riterr\u00e0 opportuno, e senza obbligo di notifica all\u2019Acquirente, trattenendo gli importi sino ad allora versatigli dall\u2019Acquirente quale penale per l\u2019inadempimento, fatto salvo il diritto al risarcimento del maggior danno.<\/p>\n<h3>5) Montaggio<\/h3>\n<p>5.1 Salvo che non sia stata espressamente conclusa una compravendita con obbligo di prima installazione a carico del Produttore, il montaggio, anche nel caso avvenga con il supporto, assistenza o eventuale supervisione di personale del Produttore, \u00e8 sempre ed esclusivamente svolto con oneri, rischi e responsabilit\u00e0 tutti in capo all\u2019Acquirente.<\/p>\n<p>5.2 I costi di viaggio e trasferta del personale del Produttore inviato presso il luogo di montaggio o installazione dei Prodotti oppure presso la sede dell\u2019Acquirente, cos\u00ec come quelli per eventuali attivit\u00e0 formative o di addestramento del personale indicato dall\u2019Acquirente, ricadranno in capo a quest\u2019ultimo nella misura indicata nella conferma d\u2019ordine oppure altrimenti convenuta tra le Parti. Laddove cos\u00ec richiestogli dal Produttore, l\u2019Acquirente si far\u00e0 carico delle coperture assicurative e sanitarie a favore del succitato personale del Produttore.<\/p>\n<p>5.3 Resta inteso che, laddove il termine di permanenza di tale personale del Produttore ecceda quanto previsto tra le Parti, ed anche nel caso l\u2019Acquirente manifesti il proprio impegno a farsi carico dei relativi ulteriori costi, il Produttore avr\u00e0 diritto di richiamare, in tutto o in parte, presso la propria sede il detto personale, senza che ci\u00f2 rappresenti suo inadempimento o motivo di contestazione da parte dell\u2019Acquirente.<\/p>\n<h3>6) Resi<\/h3>\n<p>Per nessuna ragione sono ammessi resi di Prodotti senza che il Produttore abbia autorizzato preventivamente per iscritto la restituzione. Ogni reso \u00e8 effettuato attraverso un vettore indicato dal Produttore ed a spese dell\u2019Acquirente, tranne che il reso sia dovuto a difetti di fabbricazione dei Prodotti e\/o a responsabilit\u00e0 del Produttore, nel qual caso sar\u00e0 il Produttore a rimborsare le relative spese.<\/p>\n<h3>7) Garanzia<\/h3>\n<p>7.1 I termini e le condizioni che seguono sono applicabili solo per Prodotti nuovi; qualora oggetto della vendita siano beni usati, l\u2019eventuale garanzia, se riconosciuta dovr\u00e0 essere espressamente richiamata nella conferma d\u2019ordine del Produttore.<\/p>\n<p>7.2 Entro 15 giorni dall\u2019arrivo dei Prodotti presso la sede dell\u2019utilizzatore finale , l\u2019Acquirente dovr\u00e0 esaminarli al fine di verificare eventuali difettosit\u00e0, non conformit\u00e0 o ammanchi prima dell\u2019avviamento ed utilizzo degli stessi e dovr\u00e0 informare immediatamente il Produttore di tali eventi, fornendo la relativa documentazione che dimostri tali difetti, non conformit\u00e0 o ammanchi.<\/p>\n<p>7.3 La garanzia di Prodotto ha un termine di prescrizione per la responsabilit\u00e0 del Produttore di 12 mesi dalla prima installazione e registrazione della garanzia che pu\u00f2 essere effettuata in uno dei seguenti modi:<br \/>\na. cartaceo compilando il Modulo di Garanzia e il Rapporto di Consegna forniti con i Prodotti;<br \/>\nb. online compilando il Modulo di Garanzia e il Rapporto di Consegna presenti sul sito www.mpseurope.com<br \/>\nPer prolungamenti del periodo di garanzia si fa riferimento ad \u201caccordi particolari\u201d di fornitura o vendita.<\/p>\n<p>7.4 Il Produttore garantisce i Prodotti contro vizi e difetti di produzione come dettagliato e descritto nelle \u201cCondizioni di garanzia\u201d presenti nel manuale di uso e manutenzione fornito con i Prodotti. Viene riconosciuta la sostituzione delle parti o dei prodotti ritenuti difettosi esclusivamente dai tecnici del Produttore. I Prodotti devono essere inviati presso l\u2019officina autorizzata indicata dal Produttore a spese e cura dell\u2019Acquirente. In questi casi, nessun indennizzo potr\u00e0 essere chiesto dall\u2019Acquirente per danni derivanti dal mancato uso dei Prodotti. Inoltre, nessun rimborso e\/o indennizzo \u00e8 dovuto dal Produttore per eventuali riparazioni che l\u2019Acquirente faccia eseguire da terzi non autorizzati in periodo di garanzia.<\/p>\n<p>7.5 La garanzia decade a tutti gli effetti per i seguenti motivi: a) per inadempienza da parte dell\u2019Acquirente delle forme di pagamento stabilite; b) per l\u2019impiego di uno o pi\u00f9 parti di ricambio non di fornitura MPS EUROPE SRL; c) per discordanza tra data di inizio garanzia e data di avvenuta consegna dei Prodotti; d) per manomissione o modifica del prodotto senza approvazione MPS EUROPE SRL; e) per richiesta fraudolenta di garanzia f) per mancata registrazione garanzia tramite nostri canali o per mancato invio del certificato di garanzia e del rapporto di consegna debitamente ed interamente compilato entro 30 giorni a decorrere dalla data riportata in calce sugli stessi. In ogni caso, il Produttore si riserva il diritto di chiedere ulteriore documentazione comprovante l\u2019effettiva data di partenza della garanzia e\/o evidenze tecniche (perizie, relazioni, fotografie, etc) relative alla contestazione.<\/p>\n<p>7.6 Al fine di confermare le condizioni di garanzia sulle componenti richieste, ci riserviamo il diritto di sottoporre a esame tecnico i particolari difettati che dovranno pervenire integri al ns. stabilimento, con spedizione in porto franco. Il mancato utilizzo delle form di richiesta garanzia o incompletezza di informazioni delle stesse pu\u00f2 rendere nulla la richiesta.<\/p>\n<p>7.7 Nel caso il cliente dovesse richiedere la sostituzione di alcuni particolari che presume siano difettosi, prima ancora dei ns\/ esami tecnici su questi ultimi, si provveder\u00e0 in un primo momento a fatturare regolarmente ed alle condizioni di vendita vigenti i particolari forniti in sostituzione; una volta riconosciuta la congruit\u00e0 del reclamo si provveder\u00e0 al relativo accredito. A titolo esplicativo, nel caso di claim warranty su punte, considerando i passaggi tra rivenditori, distributori e clienti finali, sarebbe consigliabile da parte del partner commerciale fornire in un primo momento il ricambio secondo le proprie policy e successivamente inoltrare le richieste di garanzia a MPS EUROPE SRL per le opportune valutazioni. Questa \u00e8 la procedura che generalmente adottano i nostri partner commerciali in tutto il mondo per garantire al cliente un servizio efficiente e celere. In ogni caso i particolari difettosi e sostituiti in garanzia dovranno essere a disposizione della MPS EUROPE SRL che rester\u00e0 unica proprietaria degli stessi. Nessuna sostituzione di particolari sar\u00e0 ammissibile se prima non verr\u00e0 restituita, non manomessa, la parte soggetta a reclamo.agg oneri rivenditore\/dealer.<\/p>\n<h3>8) Tutela dei progetti e non concorrenza<\/h3>\n<p>I disegni, i progetti e la documentazione tecnica riferita ai Prodotti non devono essere utilizzati per scopi diversi da quelli per i quali sono stati messi a disposizione dell\u2019Acquirente. L\u2019Acquirente non potr\u00e0, senza il preventivo consenso scritto del Produttore, divulgarli a terzi, copiarli, modificarli al fine di realizzare prodotti equivalenti per funzionamento, impiego e\/o prestazioni ai Prodotti.<\/p>\n<p>&nbsp;<\/p>\n<h3>9) Legge applicabile e Foro competente<\/h3>\n<p>I rapporti d\u2019affari e le vendite tra le Parti sono regolati esclusivamente dalla legge italiana. Laddove le Parti abbiano la propria sede d\u2019affari in Stati differenti, le vendite saranno disciplinate dalla Convenzione di Vienna sulla vendita internazionale di beni mobili del 1980 e, per quanto da essa non regolato, dalla legge italiana.<\/p>\n<p>Ogni controversia \u00e8 devoluta alla competenza esclusiva del Foro di Bari (Italy).<\/p>\n<\/div>\n<\/div>\n<\/div>\n<\/div>\n<\/div>\n<\/div>\n<\/section>\n","protected":false},"excerpt":{"rendered":"<p>Le vendite concluse dalla MPS EUROPE SRL (il Produttore) con i propri clienti (l\u2019Acquirente) sono soggette alle e regolate dalle seguenti condizioni generali di vendita che<span class=\"excerpt-hellip\"> [\u2026]<\/span><\/p>\n","protected":false},"author":1,"featured_media":0,"parent":0,"menu_order":0,"comment_status":"closed","ping_status":"closed","template":"","meta":{"footnotes":""},"class_list":["post-889","page","type-page","status-publish","hentry"],"yoast_head":"<!-- This site is optimized with the Yoast SEO plugin v24.5 - https:\/\/yoast.com\/wordpress\/plugins\/seo\/ -->\n<title>Condizioni generali di vendita - MPS EUROPE<\/title>\n<meta name=\"robots\" content=\"index, follow, max-snippet:-1, max-image-preview:large, max-video-preview:-1\" \/>\n<link rel=\"canonical\" href=\"https:\/\/mpseurope.com\/general-terms-and-conditions-of-sale\/\" \/>\n<meta property=\"og:locale\" content=\"it_IT\" \/>\n<meta property=\"og:type\" content=\"article\" \/>\n<meta property=\"og:title\" content=\"Condizioni generali di vendita - MPS EUROPE\" \/>\n<meta property=\"og:description\" content=\"Le vendite concluse dalla MPS EUROPE SRL (il Produttore) con i propri clienti (l\u2019Acquirente) sono soggette alle e regolate dalle seguenti condizioni generali di vendita che [\u2026]\" \/>\n<meta property=\"og:url\" content=\"https:\/\/mpseurope.com\/general-terms-and-conditions-of-sale\/\" \/>\n<meta property=\"og:site_name\" content=\"MPS EUROPE\" \/>\n<meta property=\"article:modified_time\" content=\"2025-01-22T16:02:53+00:00\" \/>\n<meta name=\"twitter:card\" content=\"summary_large_image\" \/>\n<meta name=\"twitter:label1\" content=\"Tempo di lettura stimato\" \/>\n\t<meta name=\"twitter:data1\" content=\"10 minuti\" \/>\n<script type=\"application\/ld+json\" class=\"yoast-schema-graph\">{\"@context\":\"https:\/\/schema.org\",\"@graph\":[{\"@type\":\"WebPage\",\"@id\":\"https:\/\/mpseurope.com\/general-terms-and-conditions-of-sale\/\",\"url\":\"https:\/\/mpseurope.com\/general-terms-and-conditions-of-sale\/\",\"name\":\"Condizioni generali di vendita - MPS EUROPE\",\"isPartOf\":{\"@id\":\"https:\/\/mpseurope.com\/es\/#website\"},\"datePublished\":\"2025-01-08T17:40:34+00:00\",\"dateModified\":\"2025-01-22T16:02:53+00:00\",\"breadcrumb\":{\"@id\":\"https:\/\/mpseurope.com\/general-terms-and-conditions-of-sale\/#breadcrumb\"},\"inLanguage\":\"it-IT\",\"potentialAction\":[{\"@type\":\"ReadAction\",\"target\":[\"https:\/\/mpseurope.com\/general-terms-and-conditions-of-sale\/\"]}]},{\"@type\":\"BreadcrumbList\",\"@id\":\"https:\/\/mpseurope.com\/general-terms-and-conditions-of-sale\/#breadcrumb\",\"itemListElement\":[{\"@type\":\"ListItem\",\"position\":1,\"name\":\"Home\",\"item\":\"https:\/\/mpseurope.com\/it\/\"},{\"@type\":\"ListItem\",\"position\":2,\"name\":\"Condizioni generali di vendita\"}]},{\"@type\":\"WebSite\",\"@id\":\"https:\/\/mpseurope.com\/es\/#website\",\"url\":\"https:\/\/mpseurope.com\/es\/\",\"name\":\"MPS EUROPE\",\"description\":\"\",\"potentialAction\":[{\"@type\":\"SearchAction\",\"target\":{\"@type\":\"EntryPoint\",\"urlTemplate\":\"https:\/\/mpseurope.com\/es\/?s={search_term_string}\"},\"query-input\":{\"@type\":\"PropertyValueSpecification\",\"valueRequired\":true,\"valueName\":\"search_term_string\"}}],\"inLanguage\":\"it-IT\"}]}<\/script>\n<!-- \/ Yoast SEO plugin. -->","yoast_head_json":{"title":"Condizioni generali di vendita - MPS EUROPE","robots":{"index":"index","follow":"follow","max-snippet":"max-snippet:-1","max-image-preview":"max-image-preview:large","max-video-preview":"max-video-preview:-1"},"canonical":"https:\/\/mpseurope.com\/general-terms-and-conditions-of-sale\/","og_locale":"it_IT","og_type":"article","og_title":"Condizioni generali di vendita - MPS EUROPE","og_description":"Le vendite concluse dalla MPS EUROPE SRL (il Produttore) con i propri clienti (l\u2019Acquirente) sono soggette alle e regolate dalle seguenti condizioni generali di vendita che [\u2026]","og_url":"https:\/\/mpseurope.com\/general-terms-and-conditions-of-sale\/","og_site_name":"MPS EUROPE","article_modified_time":"2025-01-22T16:02:53+00:00","twitter_card":"summary_large_image","twitter_misc":{"Tempo di lettura stimato":"10 minuti"},"schema":{"@context":"https:\/\/schema.org","@graph":[{"@type":"WebPage","@id":"https:\/\/mpseurope.com\/general-terms-and-conditions-of-sale\/","url":"https:\/\/mpseurope.com\/general-terms-and-conditions-of-sale\/","name":"Condizioni generali di vendita - MPS EUROPE","isPartOf":{"@id":"https:\/\/mpseurope.com\/es\/#website"},"datePublished":"2025-01-08T17:40:34+00:00","dateModified":"2025-01-22T16:02:53+00:00","breadcrumb":{"@id":"https:\/\/mpseurope.com\/general-terms-and-conditions-of-sale\/#breadcrumb"},"inLanguage":"it-IT","potentialAction":[{"@type":"ReadAction","target":["https:\/\/mpseurope.com\/general-terms-and-conditions-of-sale\/"]}]},{"@type":"BreadcrumbList","@id":"https:\/\/mpseurope.com\/general-terms-and-conditions-of-sale\/#breadcrumb","itemListElement":[{"@type":"ListItem","position":1,"name":"Home","item":"https:\/\/mpseurope.com\/it\/"},{"@type":"ListItem","position":2,"name":"Condizioni generali di vendita"}]},{"@type":"WebSite","@id":"https:\/\/mpseurope.com\/es\/#website","url":"https:\/\/mpseurope.com\/es\/","name":"MPS EUROPE","description":"","potentialAction":[{"@type":"SearchAction","target":{"@type":"EntryPoint","urlTemplate":"https:\/\/mpseurope.com\/es\/?s={search_term_string}"},"query-input":{"@type":"PropertyValueSpecification","valueRequired":true,"valueName":"search_term_string"}}],"inLanguage":"it-IT"}]}},"_links":{"self":[{"href":"https:\/\/mpseurope.com\/it\/wp-json\/wp\/v2\/pages\/889","targetHints":{"allow":["GET"]}}],"collection":[{"href":"https:\/\/mpseurope.com\/it\/wp-json\/wp\/v2\/pages"}],"about":[{"href":"https:\/\/mpseurope.com\/it\/wp-json\/wp\/v2\/types\/page"}],"author":[{"embeddable":true,"href":"https:\/\/mpseurope.com\/it\/wp-json\/wp\/v2\/users\/1"}],"replies":[{"embeddable":true,"href":"https:\/\/mpseurope.com\/it\/wp-json\/wp\/v2\/comments?post=889"}],"version-history":[{"count":4,"href":"https:\/\/mpseurope.com\/it\/wp-json\/wp\/v2\/pages\/889\/revisions"}],"predecessor-version":[{"id":1038,"href":"https:\/\/mpseurope.com\/it\/wp-json\/wp\/v2\/pages\/889\/revisions\/1038"}],"wp:attachment":[{"href":"https:\/\/mpseurope.com\/it\/wp-json\/wp\/v2\/media?parent=889"}],"curies":[{"name":"wp","href":"https:\/\/api.w.org\/{rel}","templated":true}]}}