{"id":917,"date":"2025-01-12T18:24:36","date_gmt":"2025-01-12T17:24:36","guid":{"rendered":"http:\/\/mpseurope.unozero.it\/cookie-policy\/"},"modified":"2025-01-12T18:30:36","modified_gmt":"2025-01-12T17:30:36","slug":"politique-de-cookies","status":"publish","type":"page","link":"https:\/\/mpseurope.com\/fr\/politique-de-cookies\/","title":{"rendered":"Politique de cookies"},"content":{"rendered":"<section id=\"free-content\" class=\"vc_section vc_custom_1612171877297 vc_section-has-fill\" data-vc-full-width=\"true\" data-vc-full-width-init=\"true\" style=\"padding-top: 150px;\">\n<div id=\"vc_row-6783fa8123504\" class=\"vc_row wpb_row vc_row-fluid vc_custom_1614243499460 vc_row-has-fill vc_row-o-equal-height vc_row-o-content-top vc_row-flex\">\n<div class=\"wpb_column vc_column_container vc_col-sm-12\">\n<div class=\"vc_column-inner \">\n<div class=\"wpb_wrapper\">\n<div class=\"wpb_text_column wpb_content_element \">\n<div class=\"wpb_wrapper\">\n<section id=\"free-content\" class=\"vc_section vc_custom_1612171877297 vc_section-has-fill\" data-vc-full-width=\"true\" data-vc-full-width-init=\"true\">\n<div id=\"vc_row-6783fbfd7aafa\" class=\"vc_row wpb_row vc_row-fluid vc_custom_1614243499460 vc_row-has-fill vc_row-o-equal-height vc_row-o-content-top vc_row-flex\">\n<div class=\"wpb_column vc_column_container vc_col-sm-12\">\n<div class=\"vc_column-inner \">\n<div class=\"wpb_wrapper\">\n<div class=\"wpb_text_column wpb_content_element \">\n<div class=\"wpb_wrapper\">\n<p>Le traitement des donn\u00e9es personnelles aura lieu dans le respect des clauses pr\u00e9vues par l\u2019article 13 du R\u00e8glement UE 2016\/679 du 27 avril 2016 relatif \u00e0 la protection des personnes physiques de m\u00eame qu\u2019au traitement des donn\u00e9es personnelles (ci-apr\u00e8s, \u00ab\u00a0<strong>R\u00e8glement<\/strong>\u00a0\u00bb) en liaison avec la gestion des activit\u00e9s promotionnelles, pour l\u2019envoi de mat\u00e9riel publicitaire, la r\u00e9alisation d\u2019\u00e9tudes de march\u00e9 ou d\u2019enqu\u00eates commerciales. Le promoteur garantit que les donn\u00e9es pourront \u00eatre port\u00e9es, limit\u00e9es, modifi\u00e9es ou supprim\u00e9es conform\u00e9ment \u00e0 ce que pr\u00e9voit le r\u00e8glement pr\u00e9cit\u00e9, sous r\u00e9serve que les conditions le permettent, sur demande de l\u2019int\u00e9ress\u00e9. Le Gestionnaire et Responsable du traitement des donn\u00e9es est :<\/p>\n<p><strong>MPS EUROPE SRL<\/strong><br \/>\nLocalit\u00e0 Dolcecanto<br \/>\n70024 Gravina in Puglia (BA) &#8211; Italy<br \/>\nNum\u00e9ro de TVA 07735960721<\/p>\n<p>&nbsp;<\/p>\n<p><strong>Politique d\u2019utilisation des cookies<\/strong><br \/>\nLa pr\u00e9sente politique des cookies fait r\u00e9f\u00e9rence au site www.mpseurope.com (\u00ab Site \u00bb) g\u00e9r\u00e9 par la soci\u00e9t\u00e9 ci-apr\u00e8s repr\u00e9sent\u00e9e par le \u00ab Gestionnaire \u00bb.<br \/>\nLes cookies sont de petits fichiers de texte envoy\u00e9s \u00e0 l\u2019utilisateur par le site web visit\u00e9. Ils sont m\u00e9moris\u00e9s sur le disque dur de l\u2019ordinateur, afin de permettre au site web d\u2019identifier les utilisateurs et de retenir certaines informations les concernant, dans le but de garantir ou am\u00e9liorer le service. Il existe plusieurs types de cookies.<br \/>\nCertains sont n\u00e9cessaires \u00e0 une bonne navigation sur le site, d\u2019autres ont des finalit\u00e9s diff\u00e9rentes, et notamment la garantie de la s\u00e9curit\u00e9 interne, l\u2019administration du syst\u00e8me, la r\u00e9alisation d\u2019analyses statistiques, etc. Il s\u2019agit d\u2019identifier les sections du site qui int\u00e9ressent en priorit\u00e9 les utilisateurs, ou bien d\u2019offrir une visite personnalis\u00e9e du site.<br \/>\nCe site utilise des cookies techniques et des cookies de tierce partie.<br \/>\nCe qui pr\u00e9c\u00e8de concerne aussi bien l\u2019ordinateur de l\u2019utilisateur que tout autre dispositif que l\u2019utilisateur pourrait \u00eatre amen\u00e9 \u00e0 utiliser pour se connecter sur le site.<\/p>\n<p><strong>Cookies techniques<\/strong><br \/>\nLes cookies techniques ont pour fonction de garantir la transmission d\u2019une information sur un r\u00e9seau de communication \u00e9lectronique d\u00e9di\u00e9. En cas d\u2019extr\u00eame n\u00e9cessit\u00e9, le propri\u00e9taire du site peut \u00e9galement recourir \u00e0 des cookies techniques pour transmettre une information sp\u00e9cifique, en rapport avec les services propos\u00e9s par l\u2019entreprise, d\u00e8s lors qu\u2019un abonn\u00e9 ou un utilisateur en fait la demande. Ils n\u2019ont pas d\u2019autres finalit\u00e9s et, la plupart du temps, sont install\u00e9s directement par le propri\u00e9taire ou le Gestionnaire du site web. Ils peuvent \u00eatre divis\u00e9s en plusieurs familles : cookies de navigation ou de session, qui garantissent une navigation normale et un bon fonctionnement du site web (ce qui permet, par exemple, d\u2019effectuer un achat ou de s\u2019authentifier pour acc\u00e9der \u00e0 des zones s\u00e9curis\u00e9es) ; cookies analytiques (assimil\u00e9s \u00e0 des cookies techniques) que le Gestionnaire du site utilise sous forme agr\u00e9g\u00e9e pour recueillir des informations telles que le nombre d\u2019utilisateurs ou les types d\u2019usages ; cookies fonctionnels, qui permettent \u00e0 l\u2019utilisateur de naviguer selon une s\u00e9rie de crit\u00e8res s\u00e9lectionn\u00e9s (comme par exemple la langue, les produits s\u00e9lectionn\u00e9s pour l\u2019achat) afin d\u2019am\u00e9liorer la qualit\u00e9 des services. La d\u00e9sactivation des cookies pourrait limiter les capacit\u00e9s du site et emp\u00eacher l\u2019utilisateur de b\u00e9n\u00e9ficier de l\u2019\u00e9tendue des fonctionnalit\u00e9s et des services du site.<br \/>\nAfin de d\u00e9cider lesquels accepter et lesquels refuser, nous vous invitons \u00e0 lire ci-apr\u00e8s le descriptif des cookies utilis\u00e9s sur le site.<\/p>\n<p><strong>Types de cookies utilis\u00e9s<\/strong><br \/>\n<em>Cookies de premi\u00e8re partie<\/em>\u00a0: Les cookies de premi\u00e8re partie (\u00e0 savoir les cookies qui appartiennent au site de l\u2019\u00e9diteur qui les a cr\u00e9\u00e9s) ont \u00e9t\u00e9 mis en place par le site web visit\u00e9 par l\u2019utilisateur, dont l\u2019adresse appara\u00eet dans l\u2019onglet URL. Le recours \u00e0 ces cookies nous permet de faire fonctionner le site de fa\u00e7on optimale.<br \/>\n<em>Cookies de session<\/em>\u00a0: les cookies de session sont m\u00e9moris\u00e9s de fa\u00e7on temporaire. Ils sont effac\u00e9s d\u00e8s lors que l\u2019utilisateur ferme le navigateur. Si l\u2019utilisateur s\u2019enregistre sur le site, il peut utiliser les cookies qui recueillent les donn\u00e9es personnelles afin d\u2019identifier l\u2019utilisateur lors de visites ult\u00e9rieures et faciliter son acc\u00e8s et sa navigation sur le site (en conservant, par exemple, son nom d\u2019utilisateur et son mot de passe).<br \/>\nEn outre, le site utilise les cookies \u00e0 des fins d\u2019administration du syst\u00e8me. Le site peut contenir des liens vers d\u2019autres sites. Le Gestionnaire n\u2019a aucun acc\u00e8s ni moyen de contr\u00f4le sur les cookies, pixels espions et autres proc\u00e9d\u00e9s de tra\u00e7age utilis\u00e9s sur des sites tiers auxquels l\u2019utilisateur peut acc\u00e9der depuis le site, pas plus que sur la disponibilit\u00e9, sur tout contenu et document publi\u00e9 ou bien obtenu depuis de tels sites et sur les relatives modalit\u00e9s de traitement des donn\u00e9es personnelles. A cet \u00e9gard, vu la profusion de tels sites tiers, le Gestionnaire d\u00e9cline express\u00e9ment toute responsabilit\u00e9. Il appartient \u00e0 l\u2019Utilisateur de v\u00e9rifier la politique de confidentialit\u00e9 des sites tiers auxquels il acc\u00e8de via le site, afin de conna\u00eetre leurs conditions de traitement des donn\u00e9es personnelles. En effet, la politique de confidentialit\u00e9 du Gestionnaire s\u2019applique exclusivement au site qu\u2019il administre, aux conditions telles que d\u00e9finies ci-dessus.<br \/>\n<em>Cookies persistants<\/em>\u00a0: c\u2019est ce qui conf\u00e8re au b\u00e2ti de l\u2019appareil sa remarquable solidit\u00e9 et ind\u00e9formabilit\u00e9 dans le temps. Les cookies persistants ont plusieurs finalit\u00e9s, notamment celle de rappeler \u00e0 l\u2019utilisateur ses pr\u00e9f\u00e9rences et ses choix entre deux connexions.<br \/>\n<em>Cookies essentiels<\/em>\u00a0: ces cookies sont absolument n\u00e9cessaires au bon fonctionnement du site. Sans eux, certaines parties du site seraient inop\u00e9rantes. Au nombre de ces cookies, on retiendra ceux qui permettent d\u2019acc\u00e9der aux zones s\u00e9curis\u00e9es du site. Ces cookies ne recueillent pas d\u2019informations susceptibles d\u2019\u00eatre utilis\u00e9es \u00e0 des fins de marketing. Ils ne peuvent \u00eatre d\u00e9sactiv\u00e9s.<br \/>\n<em>Cookies fonctionnels<\/em>\u00a0: Ces cookies servent \u00e0 reconna\u00eetre un utilisateur lorsqu\u2019il visite \u00e0 nouveau le site. Ils permettent de personnaliser les contenus et de retenir les pr\u00e9f\u00e9rences (telles que la langue choisie ou la r\u00e9gion). Ces cookies ne recueillent pas d\u2019informations susceptibles d\u2019identifier l\u2019utilisateur. Toutes les informations recueillies sont anonymes.<br \/>\n<em>Cookies de partage vers les r\u00e9seaux sociaux<\/em>\u00a0: ces cookies facilitent le partage des contenus du site vers les r\u00e9seaux sociaux tels que Facebook et Twitter. Pour prendre connaissance des politiques de confidentialit\u00e9 et des politiques d\u2019utilisation des cookies de ces diff\u00e9rents r\u00e9seaux sociaux, il convient de visiter leurs sites web.<\/p>\n<p><strong>Cookies utilis\u00e9s sur le site<\/strong><br \/>\nBouton J\u2019aime et les widgets sociaux de Facebook (Facebook, Inc.)<br \/>\nLe bouton \u00ab J\u2019aime \u00bb et les widgets sociaux de Facebook sont des applications fournies par Facebook, Inc. qui permettent d\u2019interagir avec le r\u00e9seau social Facebook<br \/>\nDonn\u00e9es personnelles recueillies : Cookies et donn\u00e9es d\u2019utilisation.<br \/>\nLieu de traitement : USA.<br \/>\nPolitique de confidentialit\u00e9 :\u00a0<a href=\"http:\/\/www.facebook.com\/privacy\/explanation.php\" target=\"_blank\" rel=\"noopener\">http:\/\/www.facebook.com\/privacy\/explanation.php<\/a><\/p>\n<p>Bouton +1 et les widgets sociaux de Google+ (Google Inc.)<br \/>\nBouton +1 et les widgets sociaux de Google+ sont des applications fournies par Google Inc. qui permettent d\u2019interagir avec le r\u00e9seau social Google+<br \/>\nDonn\u00e9es personnelles recueillies : Cookies et donn\u00e9es d\u2019utilisation.<br \/>\nLieu de traitement : USA.<br \/>\nPolitique de confidentialit\u00e9 :\u00a0<a href=\"http:\/\/www.google.com\/intl\/it\/policies\/privacy\/\" target=\"_blank\" rel=\"noopener\">http:\/\/www.google.com\/intl\/it\/policies\/privacy\/<\/a><\/p>\n<p>Bouton Tweet et les widgets sociaux de Twitter (Twitter Inc.)<br \/>\nBouton Tweet et les widgets sociaux de Twitter sont des applications fournies par Twitter, Inc. qui permettent d\u2019interagir avec le r\u00e9seau social Twitter<br \/>\nDonn\u00e9es personnelles recueillies : Cookies et donn\u00e9es d\u2019utilisation.<br \/>\nLieu de traitement : USA.<br \/>\nPolitique de confidentialit\u00e9 :\u00a0<a href=\"http:\/\/twitter.com\/privacy\" target=\"_blank\" rel=\"noopener\">http:\/\/twitter.com\/privacy<\/a><\/p>\n<p>Widget Video Youtube (Google Inc.)<br \/>\nYoutube est un media de diffusion de vid\u00e9os g\u00e9r\u00e9 par Google Inc. qui permet \u00e0 cet espace Web d\u2019int\u00e9grer de tels contenus dans ses propres pages.<br \/>\nDonn\u00e9es personnelles recueillies : Cookies et donn\u00e9es d\u2019utilisation.<br \/>\nLieu de traitement : USA.<br \/>\nPolitique de confidentialit\u00e9 :\u00a0<a href=\"http:\/\/www.google.it\/intl\/it\/policies\/privacy\/\" target=\"_blank\" rel=\"noopener\">http:\/\/www.google.it\/intl\/it\/policies\/privacy\/<\/a><\/p>\n<p><strong>Comment modifier les param\u00e8tres des cookies<\/strong><br \/>\nLa plupart des navigateurs acceptent automatiquement les cookies. Or, l\u2019utilisateur a la facult\u00e9 de modifier les param\u00e8tres si jamais il souhaite d\u00e9sactiver certaines fonctionnalit\u00e9s. Il est possible de bloquer tous les types de cookies, de choisir de n\u2019en recevoir qu\u2019une partie et d\u2019en d\u00e9sactiver certains autres. Les sections \u00ab Options \u00bb et \u00ab Pr\u00e9f\u00e9rences \u00bb dans le menu du navigateur permettent d\u2019\u00e9viter de recevoir des cookies et d\u2019autres dispositifs de pistage utilisateur, et de savoir comment obtenir une notification du navigateur quant \u00e0 l\u2019activation de ces dispositifs. En compl\u00e9ment, il est possible de consulter le menu \u00ab Aide \u00bb de la barre d\u2019outils qui figure sur la plupart des navigateurs.<br \/>\nPour de plus amples informations sur les cookies et pour g\u00e9rer les pr\u00e9f\u00e9rences sur les cookies de premi\u00e8re ou de tierce partie, les utilisateurs sont invit\u00e9s \u00e0 visiter \u00e9galement la plateforme\u00a0<a href=\"http:\/\/www.youronlinechoices.com\/\" target=\"_blank\" rel=\"noopener\">www.youronlinechoices.com<\/a>. Sachez toutefois que la d\u00e9sactivation des cookies peut affecter ou emp\u00eacher l\u2019accessibilit\u00e9 \u00e0 tout ou partie des services propos\u00e9s par le site.<br \/>\nPour en savoir plus, consulter les sites suivants :<br \/>\n\u2022\u00a0<a href=\"http:\/\/www.youronlinechoices.com\/\" target=\"_blank\" rel=\"noopener\">http:\/\/www.youronlinechoices.com\/<\/a><br \/>\n\u2022\u00a0<a href=\"http:\/\/www.allaboutcookies.org\/\" target=\"_blank\" rel=\"noopener\">http:\/\/www.allaboutcookies.org\/<\/a><br \/>\n\u2022\u00a0<a href=\"https:\/\/www.cookiechoices.org\/\" target=\"_blank\" rel=\"noopener\">https:\/\/www.cookiechoices.org\/<\/a><br \/>\n\u2022\u00a0<a href=\"http:\/\/www.garanteprivacy.it\/web\/guest\/home\/docweb\/-\/docweb-display\/docweb\/3118884\" target=\"_blank\" rel=\"noopener\">http:\/\/www.garanteprivacy.it\/web\/guest\/home\/docweb\/-\/docweb-display\/docweb\/3118884<\/a><\/p>\n<p>Comment d\u00e9sactiver\/supprimer les cookies via la configuration du navigateur<\/p>\n<p><strong>Chrome<\/strong><br \/>\n1. Ex\u00e9cuter le navigateur Chrome<br \/>\n2. Cliquer sur le menu figurant dans la barre des outils du navigateur \u00e0 proximit\u00e9 de la fen\u00eatre d\u2019insertion url pour la navigation<br \/>\n3. S\u00e9lectionner\u00a0<strong>Param\u00e8tres<\/strong><br \/>\n4. Cliquer sur\u00a0<strong>Param\u00e8tres Avanc\u00e9s<\/strong><br \/>\n5. Dans la section \u00ab Confidentialit\u00e9 et S\u00e9curit\u00e9 \u00bb cliquer sur le bouton\u00a0<strong>Param\u00e8tres du contenu<\/strong><br \/>\n6. Dans la section \u00ab Cookies \u00bb il est possible de modifier les param\u00e8tres suivants :<br \/>\n\u2022 Autoriser les sites \u00e0 enregistrer\/lire les donn\u00e9es des cookies<br \/>\n\u2022 Modifier les donn\u00e9es locales uniquement jusqu\u2019\u00e0 la fermeture du navigateur<br \/>\n\u2022 Interdire les sites \u00e0 enregistrer les donn\u00e9es des cookies<br \/>\n\u2022 Bloquer les cookies et les donn\u00e9es de sites tiers<br \/>\n\u2022 Configurer la liste des sites avec exception<br \/>\n\u2022 Eliminer un ou tous les cookies<br \/>\nPour de plus amples informations, visiter la\u00a0<a href=\"https:\/\/support.google.com\/accounts\/answer\/61416?hl=en\" target=\"_blank\" rel=\"noopener\">page d\u00e9di\u00e9e<\/a>.<\/p>\n<p><strong>Mozilla Firefox<\/strong><br \/>\n1. Ex\u00e9cuter le navigateur Mozilla Firefox<br \/>\n2. Cliquer sur le menu figurant dans la barre des outils du navigateur \u00e0 proximit\u00e9 de la fen\u00eatre d\u2019insertion url pour la navigation<br \/>\n3. S\u00e9lectionner\u00a0<strong>Options<\/strong><br \/>\n4. S\u00e9lectionner l\u2019onglet\u00a0<strong>Confidentialit\u00e9<\/strong><br \/>\n5. Cliquer sur\u00a0<strong>Param\u00e8tres Avanc\u00e9s<\/strong><br \/>\n6. Dans la section \u00ab Confidentialit\u00e9 et S\u00e9curit\u00e9 \u00bb cliquer sur le bouton\u00a0<strong>Param\u00e8tres du contenu<\/strong><br \/>\n7. Dans la section\u00a0<strong>Pistage<\/strong>, relative aux cookies, il est possible de modifier les param\u00e8tres suivants :<br \/>\n\u2022 Indiquer aux sites de n\u2019effectuer aucun pistage<br \/>\n\u2022 Communiquer aux sites web la disponibilit\u00e9 \u00e0 \u00eatre pist\u00e9<br \/>\n\u2022 Ne communiquer aucune pr\u00e9f\u00e9rence relative au pistage des donn\u00e9es personnelles<br \/>\n8. Dans la section \u00ab\u00a0<strong>Historique<\/strong>\u00a0\u00bb il est possible de :<br \/>\n\u2022 En activant \u00ab Utiliser les param\u00e8tres personnalis\u00e9s \u00bb s\u00e9lectionner l\u2019option accepter les cookies de sites tiers (toujours, depuis les sites les plus consult\u00e9s ou jamais) et les conserver pendant une p\u00e9riode d\u00e9termin\u00e9e (jusqu\u2019\u00e0 leur expiration, \u00e0 la fermeture de Firefox ou le demander \u00e0 chaque fois)<br \/>\n\u2022 Supprimer les cookies individuels.<br \/>\nPour de plus amples informations, visiter la\u00a0<a href=\"https:\/\/support.mozilla.org\/en-US\/kb\/enable-and-disable-cookies-website-preferences\" target=\"_blank\" rel=\"noopener\">page d\u00e9di\u00e9e<\/a>.<\/p>\n<p>&nbsp;<\/p>\n<p><strong>Internet Explorer<\/strong><br \/>\n1. Ex\u00e9cuter le navigateur Internet Explorer<br \/>\n2. Cliquer sur le bouton Outils et choisir les\u00a0<strong>Options Internet<\/strong><br \/>\n3. Cliquer sur l\u2019onglet\u00a0<strong>Confidentialit\u00e9<\/strong>\u00a0et, dans le cadre\u00a0<strong>Param\u00e8tres<\/strong>, modifier le dispositif de d\u00e9roulement en fonction de l\u2019action souhait\u00e9e pour les cookies :<br \/>\n\u2022 Bloquer tous les cookies<br \/>\n\u2022 Accepter tous les cookies<br \/>\n\u2022 S\u00e9lectionner les sites \u00e0 partir desquels obtenir les cookies : placer le curseur en position interm\u00e9diaire de fa\u00e7on \u00e0 ne pas bloquer ou \u00e0 accepter tous les cookies, appuyer sur Sites, dans le cadre Adresse du Site Web ins\u00e9rer un site internet puis appuyer sur bloquer ou accepter.<br \/>\nPour de plus amples informations, visiter la\u00a0<a href=\"https:\/\/support.microsoft.com\/en-us\/help\/17442\/windows-internet-explorer-delete-manage-cookies\" target=\"_blank\" rel=\"noopener\">page d\u00e9di\u00e9e<\/a>.<\/p>\n<p><strong>Safari 6<\/strong><br \/>\n1. Ex\u00e9cuter le navigateur Safari<br \/>\n2. Cliquer sur<strong>\u00a0Safari<\/strong>, s\u00e9lectionner\u00a0<strong>Pr\u00e9f\u00e9rences<\/strong>\u00a0et appuyer sur\u00a0<strong>Confidentialit\u00e9<\/strong><br \/>\n3. Dans la section Bloquer les cookies, sp\u00e9cifier la mani\u00e8re dont Safari doit accepter les cookies depuis les sites internet.<br \/>\n4. Pour visualiser les sites qui ont stock\u00e9 les cookies, cliquer sur\u00a0<strong>D\u00e9tails<\/strong><br \/>\nPour de plus amples informations, visiter la\u00a0<a href=\"https:\/\/support.apple.com\/kb\/ph21411?locale=it_IT\" target=\"_blank\" rel=\"noopener\">page d\u00e9di\u00e9e<\/a>.<\/p>\n<p><strong>Safari iOS (dispositifs mobiles)<\/strong><br \/>\n1. Ex\u00e9cuter le navigateur Safari iOS<br \/>\n2. Taper sur\u00a0<strong>Param\u00e8tres<\/strong>\u00a0et ensuite sur\u00a0<strong>Safari<\/strong>\u00a03. Taper sur\u00a0<strong>Bloquer les cookies<\/strong>\u00a0et choisir entre les diff\u00e9rentes options : \u00ab Jamais \u00bb, \u00ab Accepter les cookies tiers \u00bb ou \u00ab Toujours \u00bb<br \/>\n4. Pour effacer tous les cookies stock\u00e9s par Safari, appuyer sur\u00a0<strong>Param\u00e8tres<\/strong>, puis sur\u00a0<strong>Safari\u00a0<\/strong>et enfin sur Supprimer\u00a0<strong>les cookies et donn\u00e9es<\/strong><br \/>\nPour de plus amples informations, visiter la\u00a0<a href=\"https:\/\/support.apple.com\/en-us\/HT201265\" target=\"_blank\" rel=\"noopener\">page d\u00e9di\u00e9e<\/a>.<\/p>\n<p><strong>Opera<\/strong><br \/>\n1. Ex\u00e9cuter le navigateur Opera<br \/>\n2. Cliquer sur Pr\u00e9f\u00e9rences puis sur Param\u00e8tres avanc\u00e9s puis sur Cookies<br \/>\n3. S\u00e9lectionner une des options suivantes :<br \/>\n\u2022 Accepter tous les cookies<br \/>\n\u2022 Accepter les cookies li\u00e9s au site visit\u00e9. Les cookies tiers et ceux issus d\u2019un domaine autre que celui visit\u00e9 seront refus\u00e9s<br \/>\n\u2022 Ne jamais accepter les cookies. Aucun cookie ne sera enregistr\u00e9 sur votre appareil.<\/p>\n<\/div>\n<\/div>\n<\/div>\n<\/div>\n<\/div>\n<\/div>\n<\/section>\n<\/div>\n<\/div>\n<\/div>\n<\/div>\n<\/div>\n<\/div>\n<\/section>\n","protected":false},"excerpt":{"rendered":"<p>Le traitement des donn\u00e9es personnelles aura lieu dans le respect des clauses pr\u00e9vues par l\u2019article 13 du R\u00e8glement UE 2016\/679 du 27 avril 2016 relatif \u00e0<span class=\"excerpt-hellip\"> [\u2026]<\/span><\/p>\n","protected":false},"author":1,"featured_media":0,"parent":0,"menu_order":0,"comment_status":"closed","ping_status":"closed","template":"","meta":{"footnotes":""},"class_list":["post-917","page","type-page","status-publish","hentry"],"yoast_head":"<!-- This site is optimized with the Yoast SEO plugin v24.5 - https:\/\/yoast.com\/wordpress\/plugins\/seo\/ -->\n<title>Politique de cookies - MPS EUROPE<\/title>\n<meta name=\"robots\" content=\"index, follow, max-snippet:-1, max-image-preview:large, max-video-preview:-1\" \/>\n<link rel=\"canonical\" href=\"https:\/\/mpseurope.com\/cookie-policy\/\" \/>\n<meta property=\"og:locale\" content=\"fr_FR\" \/>\n<meta property=\"og:type\" content=\"article\" \/>\n<meta property=\"og:title\" content=\"Politique de cookies - MPS EUROPE\" \/>\n<meta property=\"og:description\" content=\"Le traitement des donn\u00e9es personnelles aura lieu dans le respect des clauses pr\u00e9vues par l\u2019article 13 du R\u00e8glement UE 2016\/679 du 27 avril 2016 relatif \u00e0 [\u2026]\" \/>\n<meta property=\"og:url\" content=\"https:\/\/mpseurope.com\/cookie-policy\/\" \/>\n<meta property=\"og:site_name\" content=\"MPS EUROPE\" \/>\n<meta property=\"article:modified_time\" content=\"2025-01-12T17:30:36+00:00\" \/>\n<meta name=\"twitter:card\" content=\"summary_large_image\" \/>\n<meta name=\"twitter:label1\" content=\"Est. reading time\" \/>\n\t<meta name=\"twitter:data1\" content=\"11 minutes\" \/>\n<script type=\"application\/ld+json\" class=\"yoast-schema-graph\">{\"@context\":\"https:\/\/schema.org\",\"@graph\":[{\"@type\":\"WebPage\",\"@id\":\"https:\/\/mpseurope.com\/cookie-policy\/\",\"url\":\"https:\/\/mpseurope.com\/cookie-policy\/\",\"name\":\"Politique de cookies - MPS EUROPE\",\"isPartOf\":{\"@id\":\"https:\/\/mpseurope.com\/es\/#website\"},\"datePublished\":\"2025-01-12T17:24:36+00:00\",\"dateModified\":\"2025-01-12T17:30:36+00:00\",\"breadcrumb\":{\"@id\":\"https:\/\/mpseurope.com\/cookie-policy\/#breadcrumb\"},\"inLanguage\":\"fr-FR\",\"potentialAction\":[{\"@type\":\"ReadAction\",\"target\":[\"https:\/\/mpseurope.com\/cookie-policy\/\"]}]},{\"@type\":\"BreadcrumbList\",\"@id\":\"https:\/\/mpseurope.com\/cookie-policy\/#breadcrumb\",\"itemListElement\":[{\"@type\":\"ListItem\",\"position\":1,\"name\":\"Home\",\"item\":\"https:\/\/mpseurope.com\/\"},{\"@type\":\"ListItem\",\"position\":2,\"name\":\"Politique de cookies\"}]},{\"@type\":\"WebSite\",\"@id\":\"https:\/\/mpseurope.com\/es\/#website\",\"url\":\"https:\/\/mpseurope.com\/es\/\",\"name\":\"MPS EUROPE\",\"description\":\"\",\"potentialAction\":[{\"@type\":\"SearchAction\",\"target\":{\"@type\":\"EntryPoint\",\"urlTemplate\":\"https:\/\/mpseurope.com\/es\/?s={search_term_string}\"},\"query-input\":{\"@type\":\"PropertyValueSpecification\",\"valueRequired\":true,\"valueName\":\"search_term_string\"}}],\"inLanguage\":\"fr-FR\"}]}<\/script>\n<!-- \/ Yoast SEO plugin. -->","yoast_head_json":{"title":"Politique de cookies - MPS EUROPE","robots":{"index":"index","follow":"follow","max-snippet":"max-snippet:-1","max-image-preview":"max-image-preview:large","max-video-preview":"max-video-preview:-1"},"canonical":"https:\/\/mpseurope.com\/cookie-policy\/","og_locale":"fr_FR","og_type":"article","og_title":"Politique de cookies - MPS EUROPE","og_description":"Le traitement des donn\u00e9es personnelles aura lieu dans le respect des clauses pr\u00e9vues par l\u2019article 13 du R\u00e8glement UE 2016\/679 du 27 avril 2016 relatif \u00e0 [\u2026]","og_url":"https:\/\/mpseurope.com\/cookie-policy\/","og_site_name":"MPS EUROPE","article_modified_time":"2025-01-12T17:30:36+00:00","twitter_card":"summary_large_image","twitter_misc":{"Est. reading time":"11 minutes"},"schema":{"@context":"https:\/\/schema.org","@graph":[{"@type":"WebPage","@id":"https:\/\/mpseurope.com\/cookie-policy\/","url":"https:\/\/mpseurope.com\/cookie-policy\/","name":"Politique de cookies - MPS EUROPE","isPartOf":{"@id":"https:\/\/mpseurope.com\/es\/#website"},"datePublished":"2025-01-12T17:24:36+00:00","dateModified":"2025-01-12T17:30:36+00:00","breadcrumb":{"@id":"https:\/\/mpseurope.com\/cookie-policy\/#breadcrumb"},"inLanguage":"fr-FR","potentialAction":[{"@type":"ReadAction","target":["https:\/\/mpseurope.com\/cookie-policy\/"]}]},{"@type":"BreadcrumbList","@id":"https:\/\/mpseurope.com\/cookie-policy\/#breadcrumb","itemListElement":[{"@type":"ListItem","position":1,"name":"Home","item":"https:\/\/mpseurope.com\/"},{"@type":"ListItem","position":2,"name":"Politique de cookies"}]},{"@type":"WebSite","@id":"https:\/\/mpseurope.com\/es\/#website","url":"https:\/\/mpseurope.com\/es\/","name":"MPS EUROPE","description":"","potentialAction":[{"@type":"SearchAction","target":{"@type":"EntryPoint","urlTemplate":"https:\/\/mpseurope.com\/es\/?s={search_term_string}"},"query-input":{"@type":"PropertyValueSpecification","valueRequired":true,"valueName":"search_term_string"}}],"inLanguage":"fr-FR"}]}},"_links":{"self":[{"href":"https:\/\/mpseurope.com\/fr\/wp-json\/wp\/v2\/pages\/917","targetHints":{"allow":["GET"]}}],"collection":[{"href":"https:\/\/mpseurope.com\/fr\/wp-json\/wp\/v2\/pages"}],"about":[{"href":"https:\/\/mpseurope.com\/fr\/wp-json\/wp\/v2\/types\/page"}],"author":[{"embeddable":true,"href":"https:\/\/mpseurope.com\/fr\/wp-json\/wp\/v2\/users\/1"}],"replies":[{"embeddable":true,"href":"https:\/\/mpseurope.com\/fr\/wp-json\/wp\/v2\/comments?post=917"}],"version-history":[{"count":2,"href":"https:\/\/mpseurope.com\/fr\/wp-json\/wp\/v2\/pages\/917\/revisions"}],"predecessor-version":[{"id":926,"href":"https:\/\/mpseurope.com\/fr\/wp-json\/wp\/v2\/pages\/917\/revisions\/926"}],"wp:attachment":[{"href":"https:\/\/mpseurope.com\/fr\/wp-json\/wp\/v2\/media?parent=917"}],"curies":[{"name":"wp","href":"https:\/\/api.w.org\/{rel}","templated":true}]}}