{"id":919,"date":"2025-01-12T18:24:36","date_gmt":"2025-01-12T17:24:36","guid":{"rendered":"http:\/\/mpseurope.unozero.it\/cookie-policy\/"},"modified":"2025-01-12T18:31:57","modified_gmt":"2025-01-12T17:31:57","slug":"politica-de-cookies","status":"publish","type":"page","link":"https:\/\/mpseurope.com\/es\/politica-de-cookies\/","title":{"rendered":"Pol\u00edtica de cookies"},"content":{"rendered":"<section id=\"free-content\" class=\"vc_section vc_custom_1612171877297 vc_section-has-fill\" data-vc-full-width=\"true\" data-vc-full-width-init=\"true\" style=\"padding-top: 150px;\">\n<div id=\"vc_row-6783fa8123504\" class=\"vc_row wpb_row vc_row-fluid vc_custom_1614243499460 vc_row-has-fill vc_row-o-equal-height vc_row-o-content-top vc_row-flex\">\n<div class=\"wpb_column vc_column_container vc_col-sm-12\">\n<div class=\"vc_column-inner \">\n<div class=\"wpb_wrapper\">\n<div class=\"wpb_text_column wpb_content_element \">\n<div class=\"wpb_wrapper\">\n<section id=\"free-content\" class=\"vc_section vc_custom_1612171877297 vc_section-has-fill\" data-vc-full-width=\"true\" data-vc-full-width-init=\"true\">\n<div id=\"vc_row-6783fc486f91a\" class=\"vc_row wpb_row vc_row-fluid vc_custom_1614243499460 vc_row-has-fill vc_row-o-equal-height vc_row-o-content-top vc_row-flex\">\n<div class=\"wpb_column vc_column_container vc_col-sm-12\">\n<div class=\"vc_column-inner \">\n<div class=\"wpb_wrapper\">\n<div class=\"wpb_text_column wpb_content_element \">\n<div class=\"wpb_wrapper\">\n<p>El tratamiento de los datos personales se realizar\u00e1 con pleno respeto a lo previsto en el art. 13 del Reglamento UE 2016\/679 de 27 de abril de 2016, relativo a la protecci\u00f3n de las personas f\u00edsicas en relaci\u00f3n con el tratamiento de los datos personales (en adelante, el \u201c<strong>Reglamento<\/strong>\u201c) con fines relacionados con la gesti\u00f3n de actividades promocionales, para el env\u00edo de material publicitario o para la realizaci\u00f3n de estudios de mercado o de comunicaci\u00f3n comercial. El promotor garantiza que los datos podr\u00e1n transferirse, limitarse, rectificarse o eliminarse de acuerdo con dicho reglamento, cuando sea posible y concurran los requisitos, a petici\u00f3n del Interesado. Titular y Responsable del tratamiento de los datos:<\/p>\n<p><strong>MPS EUROPE SRL<\/strong><br \/>\nLocalit\u00e0 Dolcecanto<br \/>\n70024 Gravina in Puglia (BA) &#8211; Italy<br \/>\nN.\u00ba de IVA 07735960721<\/p>\n<p>&nbsp;<\/p>\n<p><strong>Pol\u00edtica de Cookies<\/strong><br \/>\nLa presente pol\u00edtica de cookies se refiere al sitio www.mpseurope.com (\u201cel sitio\u201d) administrado por la empresa (\u201cel administrador\u201d).<br \/>\nLas cookies son peque\u00f1os archivos de texto enviados al usuario desde el sitio web visitado. Se memorizan en el disco duro del ordenador, permitiendo de este modo al sitio web el reconocimiento de los usuarios y la memorizaci\u00f3n de determinada informaci\u00f3n sobre ellos, para permitir o mejorar el servicio ofrecido. Existen distintos tipos de cookies.<br \/>\nAlgunos son necesarios para poder navegar en el sitio, otros tienen distintas finalidades, como garantizar la seguridad interna, administrar el sistema, efectuar an\u00e1lisis estad\u00edsticos, comprender cuales son las secciones del sitio que m\u00e1s interesan a los usuarios u ofrecer una visita personalizada del sitio.<br \/>\nEl sitio utiliza cookies t\u00e9cnicas y de terceros.<br \/>\nTodo lo anterior se refiere tanto al ordenador del usuario como a cualquier otro dispositivo que este pueda utilizar para conectarse al sitio.<\/p>\n<p><strong>Cookies t\u00e9cnicas<\/strong><br \/>\nLas cookies t\u00e9cnicas son aquellas utilizadas con el \u00fanico fin de efectuar la transmisi\u00f3n de una comunicaci\u00f3n a trav\u00e9s de una red de comunicaciones electr\u00f3nicas, o en la medida de lo estrictamente necesario a fin de que el proveedor de un servicio de la sociedad de la informaci\u00f3n preste un servicio expresamente solicitado por el abonado o el usuario. Estas no se utilizan para otros fines y suelen ser instaladas directamente por el titular o el administrador del sitio web. Pueden subdividirse en cookies de navegaci\u00f3n o de sesi\u00f3n, que garantizan la navegaci\u00f3n y el disfrute normal del sitio web (permitiendo, por ejemplo, realizar una compra o autenticarse para acceder a \u00e1reas reservadas); cookies anal\u00edticas, asimilables a las cookies t\u00e9cnicas cuando se utilicen directamente por el administrador del sitio para recoger informaci\u00f3n de manera agregada sobre el n\u00famero de usuarios y c\u00f3mo estos visitan el propio sitio; cookies de funcionalidad, que permiten al usuario la navegaci\u00f3n en funci\u00f3n de una serie de criterios seleccionados (por ejemplo, el idioma, los productos seleccionados para la compra) para mejorar el servicio prestado. Deshabilitar las cookies podr\u00eda limitar las posibilidades de uso del sitio e impedir aprovechar plenamente las funciones y servicios presentes en el sitio.<br \/>\nPara decidir cu\u00e1les aceptar y cu\u00e1les rechazar, se ilustra a continuaci\u00f3n una descripci\u00f3n de las cookies utilizadas en el sitio.<\/p>\n<p><strong>Tipos de cookies utilizadas<\/strong><br \/>\n<em>Cookies de primera parte<\/em>: las cookies de primera parte (es decir, las que pertenecen al sitio del editor que las ha creado) son impuestas por el sitio web visitado por el usuario, cuya URL figura en la barra de direcci\u00f3n. El uso de dichas cookies permite que el sitio funcione de modo eficiente.<\/p>\n<p><em>Cookies de sesi\u00f3n<\/em>: las cookies de sesi\u00f3n se memorizan temporalmente y se eliminan cuando el usuario cierra el navegador. Si el usuario se registra en el sitio, puede utilizar cookies que recojan datos personales para identificar al usuario en visitas sucesivas y facilitar su acceso al sitio (por ejemplo, conservando el usuario y la contrase\u00f1a) y la navegaci\u00f3n por el mismo.<\/p>\n<p>Adem\u00e1s, el sitio utiliza las cookies para fines de administraci\u00f3n del sistema. El sitio podr\u00eda contener enlaces a otros sitios. El administrador no tiene acceso o control sobre las cookies y otros sistemas de rastreo utilizados en sitios de terceros cuyos usuarios puedan acceder al sitio, sobre su disponibilidad, sobre cualquier contenido o material que se publique u obtenga a trav\u00e9s de dichos sitios y sobre las correspondientes modalidades de tratamiento de los datos personales; el administrador, a este fin, teniendo en cuenta el tama\u00f1o de tales sitios de terceros, declina expresamente cualquier responsabilidad sobre los mismos. El usuario deber\u00eda comprobar la pol\u00edtica de privacidad de los sitios de terceros a los que accede desde el sitio para conocer las condiciones aplicables al tratamiento de los datos personales y la pol\u00edtica de privacidad del administrador se aplica solo al sitio definido anteriormente.<\/p>\n<p><em>Cookies persistentes<\/em>: las cookies persistentes se memorizan en el dispositivo de los usuarios entre las sesiones del navegador, permitiendo recordar las preferencias o las acciones del usuario en un sitio. Pueden utilizarse para distintos fines, por ejemplo recordar las preferencias y las opciones cuando se utiliza el sitio.<\/p>\n<p><em>Cookies esenciales<\/em>: estas cookies son estrictamente necesarias para el funcionamiento del sitio. Sin el uso de dichas cookies algunas partes del sitio no funcionar\u00edan. Incluyen, por ejemplo, las cookies que permiten acceder a \u00e1reas protegidas del sitio. Estas cookies no recogen informaci\u00f3n con fines de marketing ni pueden ser desactivadas.<\/p>\n<p><em>Cookies funcionales<\/em>: estas cookies sirven para reconocer a un usuario que vuelve a visitar el sitio. Permiten personalizar los contenidos y recordar las preferencias (por ejemplo, el idioma seleccionado o la regi\u00f3n). Estas cookies no recogen informaci\u00f3n que pueda identificar al usuario. Toda la informaci\u00f3n recogida es an\u00f3nima.<\/p>\n<p><em>Cookies para compartir en redes sociales<\/em>: Estas cookies facilitan compartir contenidos del sitio mediante redes sociales como Facebook y Twitter. Para consultar las respectivas pol\u00edticas de privacidad y de cookies se pueden visitar los sitios web de las redes sociales.<\/p>\n<p><strong>Cookies utilizadas en el sitio<\/strong><\/p>\n<p>Bot\u00f3n Me gusta y widgets sociales de Facebook (Facebook, Inc.)<br \/>\nEl bot\u00f3n \u201cMe gusta\u201d y los widgets sociales de Facebook son servicios de interacci\u00f3n con las redes sociales Facebook, prestados por Facebook, Inc.<br \/>\nDatos personales recogidos: Cookies y Datos de uso.<br \/>\nLugar del tratamiento: EE. UU.<br \/>\nPol\u00edtica de privacidad:\u00a0<a href=\"http:\/\/www.facebook.com\/privacy\/explanation.php\" target=\"_blank\" rel=\"noopener\">http:\/\/www.facebook.com\/privacy\/explanation.php<\/a><\/p>\n<p>Bot\u00f3n +1 y widgets sociales de Google+ (Google Inc.)<br \/>\nEl bot\u00f3n +1 y los widgets sociales de Google+ son servicios de interacci\u00f3n con las redes sociales Google+, prestados por Google Inc.<br \/>\nDatos personales recogidos: Cookies y Datos de uso.<br \/>\nLugar del tratamiento: EE. UU.<br \/>\nPol\u00edtica de privacidad:\u00a0<a href=\"http:\/\/www.google.com\/intl\/it\/policies\/privacy\/\" target=\"_blank\" rel=\"noopener\">http:\/\/www.google.com\/intl\/it\/policies\/privacy\/<\/a><\/p>\n<p>Bot\u00f3n Tweet y widgets sociales de Twitter (Twitter, Inc.)<br \/>\nEl bot\u00f3n Tweet y los widgets sociales de Twitter son servicios de interacci\u00f3n con las redes sociales Twitter, prestados por Twitter, Inc.<br \/>\nDatos personales recogidos: Cookies y Datos de uso.<br \/>\nLugar del tratamiento: EE. UU.<br \/>\nPol\u00edtica de privacidad:\u00a0<a href=\"http:\/\/twitter.com\/privacy\" target=\"_blank\" rel=\"noopener\">http:\/\/twitter.com\/privacy<\/a><\/p>\n<p>Widget Youtube V\u00eddeo (Google Inc.)<br \/>\nYoutube es un servicio de visualizaci\u00f3n de contenidos de v\u00eddeo administrado por Google Inc. que permite a este espacio web integrar dichos contenidos en sus p\u00e1ginas.<br \/>\nDatos personales recogidos: Cookies y Datos de uso.<br \/>\nLugar del tratamiento: EE. UU.<br \/>\nPol\u00edtica de privacidad:\u00a0<a href=\"http:\/\/www.google.it\/intl\/it\/policies\/privacy\/\" target=\"_blank\" rel=\"noopener\">http:\/\/www.google.it\/intl\/it\/policies\/privacy\/<\/a><\/p>\n<p><strong>Modificar la configuraci\u00f3n de cookies<\/strong><br \/>\nLa mayor parte de navegadores acepta autom\u00e1ticamente las cookies, pero el usuario puede modificar la configuraci\u00f3n para deshabilitar esta funci\u00f3n. Se puede bloquear todo tipo de cookies, o aceptar solamente algunas y deshabilitar las dem\u00e1s. La secci\u00f3n \u201cOpciones\u201d o \u201cPreferencias\u201d del men\u00fa del navegador permite evitar recibir las cookies u otras tecnolog\u00edas de rastreo del usuario, as\u00ed como obtener notificaci\u00f3n del navegador cuando se utilicen estas tecnolog\u00edas. Otra opci\u00f3n es consultar la secci\u00f3n \u201cAyuda\u201d de la barra de herramientas de la mayor\u00eda de navegadores disponibles.<br \/>\nPara m\u00e1s informaci\u00f3n sobre las cookies y para configurar las preferencias sobre cookies (de primera parte o de terceros) aconsejamos que visite tambi\u00e9n la plataforma\u00a0<a href=\"http:\/\/www.youronlinechoices.com\/\" target=\"_blank\" rel=\"noopener\">www.youronlinechoices.com<\/a>. Recordamos sin embargo que deshabilitar las cookies de navegaci\u00f3n o las funcionales puede provocar un funcionamiento err\u00f3neo del sitio y\/o limitar el servicio ofrecido por el administrador.<br \/>\nPara saber m\u00e1s, consultar los siguientes sitios web:<br \/>\n\u2022\u00a0<a href=\"http:\/\/www.youronlinechoices.com\/\" target=\"_blank\" rel=\"noopener\">http:\/\/www.youronlinechoices.com\/<\/a><br \/>\n\u2022\u00a0<a href=\"http:\/\/www.allaboutcookies.org\/\" target=\"_blank\" rel=\"noopener\">http:\/\/www.allaboutcookies.org\/<\/a><br \/>\n\u2022\u00a0<a href=\"https:\/\/www.cookiechoices.org\/\" target=\"_blank\" rel=\"noopener\">https:\/\/www.cookiechoices.org\/<\/a><br \/>\n\u2022\u00a0<a href=\"http:\/\/www.garanteprivacy.it\/web\/guest\/home\/docweb\/-\/docweb-%20display\/docweb\/3118884\" target=\"_blank\" rel=\"noopener\">http:\/\/www.garanteprivacy.it\/web\/guest\/home\/docweb\/-\/docweb- display\/docweb\/3118884<\/a><\/p>\n<p><strong>Como deshabilitar\/eliminar las cookies configurando el navegador<\/strong><\/p>\n<p><strong>Chrome<\/strong><br \/>\n1. Abrir el navegador Chrome<br \/>\n2. Hacer clic en el men\u00fa de la barra de herramientas, situado junto a la barra donde se introduce la direcci\u00f3n para navegar<br \/>\n3. Seleccionar\u00a0<strong>Configuraci\u00f3n<\/strong><br \/>\n4. Hacer clic en\u00a0<strong>Configuraci\u00f3n avanzada<\/strong><br \/>\n5. En la secci\u00f3n \u201cPrivacidad\u201d, hacer clic en el bot\u00f3n \u201c<strong>Configurar contenidos<\/strong>\u201d<br \/>\n6. En la secci\u00f3n \u201cCookies\u201d se pueden modificar los siguientes ajustes relativos a las cookies:<br \/>\n\u2022 Permitir guardar los datos en el equipo local<br \/>\n\u2022 Modificar los datos locales solo hasta el cierre del navegador<br \/>\n\u2022 Impedir a los sitios configurar las cookies<br \/>\n\u2022 Bloquear cookies de terceros y los datos de los sitios<br \/>\n\u2022 Administrar excepciones para algunos sitios de internet<br \/>\n\u2022 Eliminare una o todas las cookies<br \/>\nPara m\u00e1s informaci\u00f3n,\u00a0<a href=\"https:\/\/support.google.com\/accounts\/answer\/61416?hl=en\" target=\"_blank\" rel=\"noopener\">visitar la p\u00e1gina dedicada<\/a>.<\/p>\n<p><strong>Mozilla Firefox<\/strong><br \/>\n1. Abrir el navegador Mozilla Firefox<br \/>\n2. Hacer clic en el men\u00fa de la barra de herramientas, situado junto a la barra donde se introduce la direcci\u00f3n para navegar<br \/>\n3. Seleccionar\u00a0<strong>Opciones<\/strong><br \/>\n4. Seleccionar el panel\u00a0<strong>Privacidad<\/strong><br \/>\n5. Hacer clic en\u00a0<strong>Configuraci\u00f3n avanzada<\/strong><br \/>\n6. En la secci\u00f3n \u201cPrivacidad\u201d, hacer clic en el bot\u00f3n \u201c<strong>Configurar contenidos<\/strong>\u201d<br \/>\n7. En la secci\u00f3n \u201c<strong>Seguimiento<\/strong>\u201d se pueden modificar los siguientes ajustes relativos a las cookies:<br \/>\n\u2022 Pedir al sitio que no efect\u00fae seguimiento<br \/>\n\u2022 Comunicar a los sitios la disponibilidad para que nos realicen el seguimiento<br \/>\n\u2022 No comunicar ninguna preferencia relativa al seguimiento de datos personales<br \/>\n8. En la secci\u00f3n \u201c<strong>Cronolog\u00eda<\/strong>\u201d es posible:<br \/>\n\u2022 Habilitando \u201cUsar configuraci\u00f3n personalizada\u201d, seleccionar si aceptar cookies de terceros (siempre, de los sitios m\u00e1s visitados o nunca) y si conservarlas por un tiempo determinado (hasta su caducidad, al cerrar Firefox o preguntar siempre)<br \/>\n\u2022 Eliminar las cookies almacenadas por separado.<br \/>\nPara m\u00e1s informaci\u00f3n,\u00a0<a href=\"https:\/\/support.mozilla.org\/en-US\/kb\/enable-and-disable-cookies-website-preferences\" target=\"_blank\" rel=\"noopener\">visitar la p\u00e1gina dedicada<\/a>.<\/p>\n<p>&nbsp;<\/p>\n<p><strong>Internet Explorer<\/strong><br \/>\n1. Abrir el navegador Internet Explorer<br \/>\n2. Hacer clic en el bot\u00f3n\u00a0<strong>Herramientas\u00a0<\/strong>y seleccionar\u00a0<strong>Opciones de Internet<\/strong><br \/>\n3. Hacer clic en la pesta\u00f1a\u00a0<strong>Privacidad<\/strong>\u00a0y, en la secci\u00f3n\u00a0<strong>Configuraci\u00f3n<\/strong>, modificar el selector desplazable en funci\u00f3n de la acci\u00f3n deseada para las cookies:<br \/>\n\u2022 Bloquear todas las cookies<br \/>\n\u2022 Aceptar todas las cookies<br \/>\nSeleccionar los sitios de los que obtener cookies: situar el cursor en una posici\u00f3n intermedia, para no rechazar ni aceptar todas las cookies, pulsar despu\u00e9s en Sitios, en la casilla Direcci\u00f3n sitio web introducir un sitio de internet y despu\u00e9s pulsar en bloquear o aceptar.<br \/>\nPara m\u00e1s informaci\u00f3n,\u00a0<a href=\"https:\/\/support.microsoft.com\/en-us\/help\/17442\/windows-internet-explorer-delete-manage-cookies\" target=\"_blank\" rel=\"noopener\">visitar la p\u00e1gina dedicada<\/a>.<\/p>\n<p><strong>Safari 6<\/strong><br \/>\n1. Abrir el navegador Safari<br \/>\n2. Hacer clic en\u00a0<strong>Safari<\/strong>, seleccionar\u00a0<strong>Preferencias<\/strong>\u00a0y pulsar en\u00a0<strong>Privacidad<\/strong><br \/>\n3. En la secci\u00f3n Bloquear cookies, especificar c\u00f3mo Safari debe aceptar las cookies de los sitios de internet.<br \/>\n4. Para ver qu\u00e9 sitios han almacenado cookies, hacer clic en\u00a0<strong>Detalles<\/strong><br \/>\nPara m\u00e1s informaci\u00f3n,\u00a0<a href=\"https:\/\/support.apple.com\/kb\/ph21411?locale=it_IT\" target=\"_blank\" rel=\"noopener\">visitar la p\u00e1gina dedicada<\/a>.<\/p>\n<p><strong>Safari iOS (dispositivos m\u00f3viles)<\/strong><br \/>\n1. Abrir el navegador Safari iOS<br \/>\n2. Tocar en\u00a0<strong>Configuraci\u00f3n<\/strong>\u00a0y despu\u00e9s\u00a0<strong>Safari\u00a0<\/strong>3. Tocar en\u00a0<strong>Bloquear cookies<\/strong>\u00a0y escoger entre las distintas opciones: \u201cNunca\u201d, \u201cDe terceros y anunciantes\u201d o \u201cSiempre\u201d<br \/>\n4. 4. Para eliminar todas las cookies almacenadas por Safari, tocar en\u00a0<strong>Configuraci\u00f3n<\/strong>, despu\u00e9s en\u00a0<strong>Safari<\/strong>\u00a0y finalmente en\u00a0<strong>Borrar cookies y datos<\/strong><br \/>\nPara m\u00e1s informaci\u00f3n,\u00a0<a href=\"https:\/\/support.apple.com\/en-us\/HT201265\" target=\"_blank\" rel=\"noopener\">visitar la p\u00e1gina dedicada<\/a>.<\/p>\n<p><strong>Opera<\/strong><br \/>\n1. Abrir el navegador Opera<br \/>\n2. Hacer clic en Preferencias &gt; Avanzadas, y finalmente en Cookies<br \/>\n3. Seleccionar una de las siguientes opciones:<br \/>\n\u2022 Aceptar todas las cookies<br \/>\nAceptar todas las cookies del sitio que se visita: las cookies de terceros y las que se env\u00edan de dominios distintos al que se est\u00e1 visitando ser\u00e1n rechazadas<br \/>\n\u2022 No aceptar nunca las cookies: ninguna de las cookies se guardar\u00e1 en ning\u00fan momento.<\/p>\n<\/div>\n<\/div>\n<\/div>\n<\/div>\n<\/div>\n<\/div>\n<\/section>\n<\/div>\n<\/div>\n<\/div>\n<\/div>\n<\/div>\n<\/div>\n<\/section>\n","protected":false},"excerpt":{"rendered":"<p>El tratamiento de los datos personales se realizar\u00e1 con pleno respeto a lo previsto en el art. 13 del Reglamento UE 2016\/679 de 27 de abril<span class=\"excerpt-hellip\"> [\u2026]<\/span><\/p>\n","protected":false},"author":1,"featured_media":0,"parent":0,"menu_order":0,"comment_status":"closed","ping_status":"closed","template":"","meta":{"footnotes":""},"class_list":["post-919","page","type-page","status-publish","hentry"],"yoast_head":"<!-- This site is optimized with the Yoast SEO plugin v24.5 - https:\/\/yoast.com\/wordpress\/plugins\/seo\/ -->\n<title>Pol\u00edtica de cookies - MPS EUROPE<\/title>\n<meta name=\"robots\" content=\"index, follow, max-snippet:-1, max-image-preview:large, max-video-preview:-1\" \/>\n<link rel=\"canonical\" href=\"https:\/\/mpseurope.com\/cookie-policy\/\" \/>\n<meta property=\"og:locale\" content=\"es_ES\" \/>\n<meta property=\"og:type\" content=\"article\" \/>\n<meta property=\"og:title\" content=\"Pol\u00edtica de cookies - MPS EUROPE\" \/>\n<meta property=\"og:description\" content=\"El tratamiento de los datos personales se realizar\u00e1 con pleno respeto a lo previsto en el art. 13 del Reglamento UE 2016\/679 de 27 de abril [\u2026]\" \/>\n<meta property=\"og:url\" content=\"https:\/\/mpseurope.com\/cookie-policy\/\" \/>\n<meta property=\"og:site_name\" content=\"MPS EUROPE\" \/>\n<meta property=\"article:modified_time\" content=\"2025-01-12T17:31:57+00:00\" \/>\n<meta name=\"twitter:card\" content=\"summary_large_image\" \/>\n<meta name=\"twitter:label1\" content=\"Est. reading time\" \/>\n\t<meta name=\"twitter:data1\" content=\"10 minutes\" \/>\n<script type=\"application\/ld+json\" class=\"yoast-schema-graph\">{\"@context\":\"https:\/\/schema.org\",\"@graph\":[{\"@type\":\"WebPage\",\"@id\":\"https:\/\/mpseurope.com\/cookie-policy\/\",\"url\":\"https:\/\/mpseurope.com\/cookie-policy\/\",\"name\":\"Pol\u00edtica de cookies - MPS EUROPE\",\"isPartOf\":{\"@id\":\"https:\/\/mpseurope.com\/es\/#website\"},\"datePublished\":\"2025-01-12T17:24:36+00:00\",\"dateModified\":\"2025-01-12T17:31:57+00:00\",\"breadcrumb\":{\"@id\":\"https:\/\/mpseurope.com\/cookie-policy\/#breadcrumb\"},\"inLanguage\":\"es-ES\",\"potentialAction\":[{\"@type\":\"ReadAction\",\"target\":[\"https:\/\/mpseurope.com\/cookie-policy\/\"]}]},{\"@type\":\"BreadcrumbList\",\"@id\":\"https:\/\/mpseurope.com\/cookie-policy\/#breadcrumb\",\"itemListElement\":[{\"@type\":\"ListItem\",\"position\":1,\"name\":\"Home\",\"item\":\"https:\/\/mpseurope.com\/es\/\"},{\"@type\":\"ListItem\",\"position\":2,\"name\":\"Pol\u00edtica de cookies\"}]},{\"@type\":\"WebSite\",\"@id\":\"https:\/\/mpseurope.com\/es\/#website\",\"url\":\"https:\/\/mpseurope.com\/es\/\",\"name\":\"MPS EUROPE\",\"description\":\"\",\"potentialAction\":[{\"@type\":\"SearchAction\",\"target\":{\"@type\":\"EntryPoint\",\"urlTemplate\":\"https:\/\/mpseurope.com\/es\/?s={search_term_string}\"},\"query-input\":{\"@type\":\"PropertyValueSpecification\",\"valueRequired\":true,\"valueName\":\"search_term_string\"}}],\"inLanguage\":\"es-ES\"}]}<\/script>\n<!-- \/ Yoast SEO plugin. -->","yoast_head_json":{"title":"Pol\u00edtica de cookies - MPS EUROPE","robots":{"index":"index","follow":"follow","max-snippet":"max-snippet:-1","max-image-preview":"max-image-preview:large","max-video-preview":"max-video-preview:-1"},"canonical":"https:\/\/mpseurope.com\/cookie-policy\/","og_locale":"es_ES","og_type":"article","og_title":"Pol\u00edtica de cookies - MPS EUROPE","og_description":"El tratamiento de los datos personales se realizar\u00e1 con pleno respeto a lo previsto en el art. 13 del Reglamento UE 2016\/679 de 27 de abril [\u2026]","og_url":"https:\/\/mpseurope.com\/cookie-policy\/","og_site_name":"MPS EUROPE","article_modified_time":"2025-01-12T17:31:57+00:00","twitter_card":"summary_large_image","twitter_misc":{"Est. reading time":"10 minutes"},"schema":{"@context":"https:\/\/schema.org","@graph":[{"@type":"WebPage","@id":"https:\/\/mpseurope.com\/cookie-policy\/","url":"https:\/\/mpseurope.com\/cookie-policy\/","name":"Pol\u00edtica de cookies - MPS EUROPE","isPartOf":{"@id":"https:\/\/mpseurope.com\/es\/#website"},"datePublished":"2025-01-12T17:24:36+00:00","dateModified":"2025-01-12T17:31:57+00:00","breadcrumb":{"@id":"https:\/\/mpseurope.com\/cookie-policy\/#breadcrumb"},"inLanguage":"es-ES","potentialAction":[{"@type":"ReadAction","target":["https:\/\/mpseurope.com\/cookie-policy\/"]}]},{"@type":"BreadcrumbList","@id":"https:\/\/mpseurope.com\/cookie-policy\/#breadcrumb","itemListElement":[{"@type":"ListItem","position":1,"name":"Home","item":"https:\/\/mpseurope.com\/es\/"},{"@type":"ListItem","position":2,"name":"Pol\u00edtica de cookies"}]},{"@type":"WebSite","@id":"https:\/\/mpseurope.com\/es\/#website","url":"https:\/\/mpseurope.com\/es\/","name":"MPS EUROPE","description":"","potentialAction":[{"@type":"SearchAction","target":{"@type":"EntryPoint","urlTemplate":"https:\/\/mpseurope.com\/es\/?s={search_term_string}"},"query-input":{"@type":"PropertyValueSpecification","valueRequired":true,"valueName":"search_term_string"}}],"inLanguage":"es-ES"}]}},"_links":{"self":[{"href":"https:\/\/mpseurope.com\/es\/wp-json\/wp\/v2\/pages\/919","targetHints":{"allow":["GET"]}}],"collection":[{"href":"https:\/\/mpseurope.com\/es\/wp-json\/wp\/v2\/pages"}],"about":[{"href":"https:\/\/mpseurope.com\/es\/wp-json\/wp\/v2\/types\/page"}],"author":[{"embeddable":true,"href":"https:\/\/mpseurope.com\/es\/wp-json\/wp\/v2\/users\/1"}],"replies":[{"embeddable":true,"href":"https:\/\/mpseurope.com\/es\/wp-json\/wp\/v2\/comments?post=919"}],"version-history":[{"count":2,"href":"https:\/\/mpseurope.com\/es\/wp-json\/wp\/v2\/pages\/919\/revisions"}],"predecessor-version":[{"id":928,"href":"https:\/\/mpseurope.com\/es\/wp-json\/wp\/v2\/pages\/919\/revisions\/928"}],"wp:attachment":[{"href":"https:\/\/mpseurope.com\/es\/wp-json\/wp\/v2\/media?parent=919"}],"curies":[{"name":"wp","href":"https:\/\/api.w.org\/{rel}","templated":true}]}}