{"id":904,"date":"2025-01-12T18:13:21","date_gmt":"2025-01-12T17:13:21","guid":{"rendered":"http:\/\/mpseurope.unozero.it\/privacy-policy\/"},"modified":"2025-02-15T10:28:20","modified_gmt":"2025-02-15T09:28:20","slug":"politica-de-privacidad","status":"publish","type":"page","link":"https:\/\/mpseurope.com\/es\/politica-de-privacidad\/","title":{"rendered":"Pol\u00edtica de privacidad"},"content":{"rendered":"<section id=\"free-content\" class=\"vc_section vc_custom_1612171877297 vc_section-has-fill\" data-vc-full-width=\"true\" data-vc-full-width-init=\"true\" style=\"padding-top:150px\">\n<div id=\"vc_row-6783f7622ecc6\" class=\"vc_row wpb_row vc_row-fluid vc_custom_1614243499460 vc_row-has-fill vc_row-o-equal-height vc_row-o-content-top vc_row-flex\">\n<div class=\"wpb_column vc_column_container vc_col-sm-12\">\n<div class=\"vc_column-inner \">\n<div class=\"wpb_wrapper\">\n<div class=\"wpb_text_column wpb_content_element \">\n<div class=\"wpb_wrapper\">\n<section id=\"free-content\" class=\"vc_section vc_custom_1612171877297 vc_section-has-fill\" data-vc-full-width=\"true\" data-vc-full-width-init=\"true\">\n<div id=\"vc_row-6783f9b967bcc\" class=\"vc_row wpb_row vc_row-fluid vc_custom_1614243499460 vc_row-has-fill vc_row-o-equal-height vc_row-o-content-top vc_row-flex\">\n<div class=\"wpb_column vc_column_container vc_col-sm-12\">\n<div class=\"vc_column-inner \">\n<div class=\"wpb_wrapper\">\n<div class=\"wpb_text_column wpb_content_element \">\n<div class=\"wpb_wrapper\">\n<div class=\"headline-small\">Nota informativa sobre el tratamiento de los datos personales<\/div>\n<p><strong>Informaci\u00f3n ofrecida en cumplimiento de los art\u00edculos 13-14 del GDPR (Reglamento general de protecci\u00f3n de datos) 2016\/679<\/strong><\/p>\n<p>&nbsp;<\/p>\n<p>Estimado Usuario:<\/p>\n<p>En cumplimiento de lo previsto en el Reglamento Europeo 2016\/679 (GDPR), MPS EUROPE SRL  desea informarle de que los datos personales que nos ha proporcionado o que hemos recibido en el marco de nuestra actividad, necesarios par prestar los servicios que le ofrecemos, se tratar\u00e1n con respeto a la normativa en materia de privacidad y a los principios de <strong>correcci\u00f3n<\/strong>, <strong>licitud<\/strong>, <strong>transparencia<\/strong> y <strong>t<\/strong><strong>utela<\/strong> de su privacidad y sus derechos.<\/p>\n<p>Tambi\u00e9n deseamos comunicarle la siguiente informaci\u00f3n:<\/p>\n<h3>1. EL TITULAR DEL TRATAMIENTO Y RESPONSABLE DE LA PROTECCI\u00d3N DE LOS DATOS<\/h3>\n<p>es MPS EUROPE SRL , sociedad con domicilio en Localit\u00e0 Dolcecanto 70024 Gravina in Puglia (BA) &#8211; Italy , con la que se puede contactar en el tel\u00e9fono +39 080 2146468, y el e-mail <a href=\"mailto:info@mpseurope.com\">info@mpseurope.com<\/a><\/p>\n<h3>2. DATOS TRATADOS, FINALIDADES Y BASE JUR\u00cdDICA DEL TRATAMIENTO<\/h3>\n<p>2.1. Los sistemas inform\u00e1ticos y el software destinado al funcionamiento del sitio de la sociedad www.mpseurope.com adquieren algunos datos personales que son consecuencia impl\u00edcita del uso de los protocolos de comunicaci\u00f3n de internet (por ejemplo, los nombres de dominio y las direcciones IP). Dichos datos no van acompa\u00f1ados de informaci\u00f3n personal, y se utilizan para recabar informaci\u00f3n estad\u00edstica an\u00f3nima sobre el uso del sitio, para controlar las modalidades de uso del mismo y para evaluar posibles responsabilidades en caso de delito inform\u00e1tico. La base jur\u00eddica que legitima el tratamiento de dichos datos es la necesidad de que puedan utilizarse las funciones del sitio de la empresa cuando el Usuario acceda al mismo.<\/p>\n<p>2.2. Los datos proporcionados voluntariamente por el Usuario, por otra parte, son los que necesita el Titular para prestar los servicios disponibles, y se tratan de modo l\u00edcito y correcto, adem\u00e1s de recogerse y registrarse para los fines establecidos, expl\u00edcitos y leg\u00edtimos indicados m\u00e1s adelante, y se utilizan en operaciones de tratamiento que no son incompatibles con dichos fines.<br \/>\nLos datos personales (datos que identifican a la persona, por ejemplo: nombre y apellidos, raz\u00f3n social, c\u00f3digo fiscal y n\u00famero de IVA, direcci\u00f3n, tel\u00e9fono \/ fax, e-mail, datos bancarios y de pago) son recogidos y tratados:<\/p>\n<p>a) para desarrollar las actividades de relaci\u00f3n con el cliente en base a los <strong>acuerdos precontractuales y contractuales<\/strong>;<\/p>\n<p>b) con <strong>finalidades administrativas, fiscales o contables<\/strong> internas relativas a la relaci\u00f3n cliente-proveedor y para cumplir con las obligaciones generales del Titular en cumplimiento de leyes y reglamentos, la normativa comunitaria, actos judiciales o para ejercer los derechos del Titular (por ejemplo, el derecho de defensa en juicio);<\/p>\n<p>c) <strong>en caso de consentimiento expreso del Usuario<\/strong>, para las siguientes <strong>finalidades de marketing<\/strong>: enviar (mediante e-mail, correo, sms o contacto telef\u00f3nico) boletines de noticias, informaci\u00f3n sobre la actividad del Titular, material publicitario o comunicaciones comerciales, que incluso pueden ser personalizadas en funci\u00f3n de los h\u00e1bitos de consumo del Usuario (profiling), sobre los productos o servicios del Titular que puedan interesar al Usuario, y para conocer el grado de satisfacci\u00f3n con la calidad de los servicios, incluidas las invitaciones a participar en an\u00e1lisis o estudios de mercado;<\/p>\n<p>d) <strong>en caso de consentimiento expreso del Usuario<\/strong>, para las siguientes finalidades marketing: enviar (mediante e-mail, correo, sms o contacto telef\u00f3nico) boletines de noticias, informaci\u00f3n sobre la actividad del Titular, material publicitario o comunicaciones comerciales, que incluso pueden ser personalizadas en funci\u00f3n de los h\u00e1bitos de consumo del Usuario (profiling), sobre los productos o servicios de <strong>terceros<\/strong> como, por ejemplo, socios comerciales u otras sociedades MPS EUROPE SRL ;<\/p>\n<p>e) en caso de env\u00edo de curriculum vitae, exclusivamente con fines de selecci\u00f3n de personal y para el inicio de una relaci\u00f3n laboral.<br \/>\nLa base jur\u00eddica que justifica el tratamiento de los datos correspondientes a los puntos \u201ca\u201d (acuerdos precontractuales y contractuales) y \u201cb\u201d (finalidades administrativas, contables o fiscales) es la firma de un contrato de prestaci\u00f3n de servicios con el Usuario, o el desarrollo de una actividad precontractual a petici\u00f3n del Usuario.<br \/>\nEn los casos expresamente indicados en los puntos \u201cc\u201d (marketing y profiling), \u201cd\u201d (marketing y profiling de terceros) y \u201ce\u201d (curriculum vitae) la base jur\u00eddica es el libre consentimiento prestado por el Usuario.<\/p>\n<p>2.3. Seg\u00fan lo establecido en los art. 9 y 10 del GDPR, el Usuario puede comunicar al Titular datos calificables como \u201ccategor\u00edas particulares de datos personales\u201d (es decir, datos que revelan \u201cel origen racial o \u00e9tnico, las opiniones pol\u00edticas, las convicciones religiosas o filos\u00f3ficas, la pertenencia a sindicatos, datos gen\u00e9ticos, datos biom\u00e9tricos dirigidos a identificar a la persona inequ\u00edvocamente, datos relativos a la salud, a la vida sexual o la orientaci\u00f3n sexual de la persona\u201d). Dichas categor\u00edas de datos solo podr\u00e1n ser tratadas por el Titular con el consentimiento del Usuario, manifestado por escrito firmando la nota informativa, para exigencias contractuales, tr\u00e1mites legales y fiscales de obligado cumplimiento y con fines de selecci\u00f3n de personal.<\/p>\n<h3>3. MODALIDADES DEL TRATAMIENTO<\/h3>\n<p>El tratamiento de los datos personales del Usuario se realiza mediante operaciones de: recogida, registro, organizaci\u00f3n, conservaci\u00f3n, consulta, elaboraci\u00f3n, modificaci\u00f3n, selecci\u00f3n, extracci\u00f3n, comparaci\u00f3n, uso, interconexi\u00f3n, bloqueo, comunicaci\u00f3n, borrado y destrucci\u00f3n de los datos.<br \/>\nLos datos personales del Usuario se recogen tras env\u00edo directo al Titular, cumplimentando formularios o modelos en general destinados a tal fin, que tambi\u00e9n pueden incluirse en documentos contractuales, o bien telef\u00f3nicamente por el operador en el marco de las actividades precontractuales. Los datos se tratan por medios manuales, en formato impreso, y con instrumentos electr\u00f3nicos, es decir, autom\u00e1ticos, inform\u00e1ticos y telem\u00e1ticos. Los datos son registrados e conservados por el Titular en archivos inform\u00e1ticos e impresos, as\u00ed como custodiados y controlados para reducir al m\u00ednimo los riesgos de destrucci\u00f3n o p\u00e9rdida, incluso accidental, acceso no autorizado y tratamiento no permitido o contrario a los fines de la recogida.<br \/>\nLos datos se tratan por personal dependiente o colaboradores del Titular, debidamente formados a este efecto.<\/p>\n<h3>4.NATURALEZA DE LA COMUNICACI\u00d3N DE LOS DATOS<\/h3>\n<p>La comunicaci\u00f3n de los datos personales objeto del tratamiento tiene naturaleza voluntaria. Sin embargo, la falta de comunicaci\u00f3n, parcial o total, de los datos puede acarrear la imposibilidad total o parcial de crear o mantener la relaci\u00f3n con el Usuario, en la medida que tales datos sean necesarios para formalizarla.<br \/>\nLa comunicaci\u00f3n de los datos para los fines de marketing tambi\u00e9n es voluntaria. El Usuario puede, por tanto, decidir si comunica o no alg\u00fan dato, o negarse posteriormente al tratamiento de los datos ya comunicados: en dicho caso no podr\u00e1 recibir boletines, comunicaciones comerciales ni material publicitario en general sobre los servicios que ofrece el Titular.<\/p>\n<h3>5. DESTINATARIOS O POSIBLES CATEGOR\u00cdAS DE DESTINATARIOS DE LOS DATOS PERSONALES<\/h3>\n<p>El tratamiento de los datos del Usuario se realiza por personal interno del Titular (empleados, colaboradores, administradores de sistemas), identificado y autorizado para el tratamiento seg\u00fan unas instrucciones que respetan la normativa vigente en materia de privacidad y seguridad de los datos.<br \/>\nSiempre que sea necesario para los fines mencionados en el art\u00edculo 2, los datos personales podr\u00e1n tratarse por terceros designados como Responsables del tratamiento (seg\u00fan establece el art. 28 del GDPR), o titulares \u201caut\u00f3nomos\u201d, concretamente:<\/p>\n<p>1. Por las empresas MPS EUROPE SRL  con los fines del art\u00edculo 2.2. Letra \u201cd\u201d;<\/p>\n<p>2. Por profesionales, empresas, asociaciones u oficinas t\u00e9cnicas que presten al Titular asistencia o asesor\u00eda con fines administrativos, contables, fiscales, de tutela legal o de selecci\u00f3n de personal;<\/p>\n<p>3. Por cualquier instituci\u00f3n p\u00fablica establecida por la ley, y m\u00e1s en general, por toda entidad prevista por la normativa vigente en material contable y fiscal como destinataria de comunicaciones obligatorias;<\/p>\n<p>4. Por instituciones bancarias para cobros y pagos, as\u00ed como por posibles profesionales (individuales, asociados o constituidos como sociedad) para servicios de an\u00e1lisis e investigaci\u00f3n de mercado, para la gesti\u00f3n de los pagos mediante tarjetas de cr\u00e9dito o instrumentos de pago electr\u00f3nico en general, servicios de mensajer\u00eda, para el eventual cobro de deudas o para actividades de certificaci\u00f3n del balance del Titular.<br \/>\nLa lista actualizada de los Responsables y Encargados del tratamiento se encuentra en el domicilio legal del Titular.<br \/>\nEn cualquier caso, los datos personales del Usuario no ser\u00e1n objeto de difusi\u00f3n.<\/p>\n<h3>6. TRANSFERENCIA DE LOS DATOS A UN TERCER PA\u00cdS U ORGANIZACIONES INTERNACIONALES<\/h3>\n<p>En el marco de la gesti\u00f3n de la relaci\u00f3n contractual no se prev\u00e9 la transferencia de los datos del Usuario a terceros pa\u00edses ajenos a la UE, ni a organizaciones internacionales.<\/p>\n<h3>7. PERIODO DE CONSERVACI\u00d3N DE LOS DATOS PERSONALES O CRITERIOS UTILIZADOS PARA DETERMINAR DICHO PERIODO<\/h3>\n<p>Para los fines mencionados en las letras \u201ca\u201d (acuerdos precontractuales y contractuales) y \u201cb\u201d (gesti\u00f3n de tr\u00e1mites administrativos, contables o fiscales) del art\u00edculo 2.2. los datos personales del Usuario ser\u00e1n tratados y conservados por el Titular durante toda la vigencia de la relaci\u00f3n contractual entre Usuario y Titular y, terminada la misma por cualquier motivo, ser\u00e1n conservados durante el tiempo previsto, para cada categor\u00eda de datos, en la normativa contable, fiscal, civil y procesal vigente.<br \/>\nPara los fines mencionados en las letras \u201cc\u201d (marketing y profiling) y \u201cd\u201d (marketing y profiling de terceros), los datos personales del Usuario ser\u00e1n tratados y conservados por el Titular hasta la revocaci\u00f3n del consentimiento por parte del Usuario, o hasta el ejercicio por parte del Usuario de su derecho de oposici\u00f3n al tratamiento o el de eliminaci\u00f3n de los datos personales.<br \/>\nPara los fines mencionados en la letra \u201ce\u201d (curriculum vitae) los datos personales del Usuario podr\u00e1n tratarse y conservarse por el Titular durante un plazo m\u00e1ximo de 12 meses desde la fecha de su recepci\u00f3n.<\/p>\n<h3>8. DERECHOS DEL USUARIO<\/h3>\n<p>En su calidad de Interesado y en relaci\u00f3n con los tipos de tratamiento descritos en esta nota informativa, el Usuario tiene los derechos mencionados en los art\u00edculos 7, 15 a 21, y 77 del GDPR y, en particular, el:<\/p>\n<p>\u2022 <strong>derecho de acceso<\/strong> \u2013 art\u00edculo 15 GDPR: derecho a obtener confirmaci\u00f3n de si existe o no en curso un tratamiento de datos personales que afecte al Usuario y, en caso afirmativo, obtener el acceso a dichos datos personales, incluida una copia de los mismos;<\/p>\n<p>\u2022 <strong>derecho de rectificaci\u00f3n<\/strong> \u2013 art\u00edculo 16 GDPR: derecho a obtener, sin retraso injustificado, la rectificaci\u00f3n de los datos personales inexactos que afecten al Usuario y\/o la ampliaci\u00f3n de los datos incompletos;<\/p>\n<p>\u2022 <strong>derecho de cancelaci\u00f3n <\/strong>(derecho al olvido) \u2013 art\u00edculo 17 GDPR: derecho a obtener, sin retraso injustificado, la eliminaci\u00f3n de los datos personales que afecten al Usuario;<\/p>\n<p>\u2022 <strong>derecho de limitaci\u00f3n de tratamiento<\/strong> \u2013 art\u00edculo 18 GDPR: el Interesado discuta la exactitud de los datos personales, durante el periodo necesario para el Titular para verificar los datos; el tratamiento sea il\u00edcito y el Interesado se oponga a la cancelaci\u00f3n de los datos personales, y en su lugar solicita que se limite su uso; los datos personales sean necesarios para el Interesado con el fin de verificar, ejercer o defender un derecho en sede judicial; el Interesado se haya opuesto al tratamiento en el sentido del art. 21 GDPR, en el periodo de espera durante la verificaci\u00f3n al respecto de la posible existencia de motivos leg\u00edtimos para el Titular del tratamiento respecto a los del Interesado;<\/p>\n<p>\u2022 <strong>derecho a la portabilidad de los datos<\/strong> \u2013 art\u00edculo 20 GDPR: derecho a recibir, en formato estructurado, de uso com\u00fan y legible en dispositivo autom\u00e1tico, los datos personales que corresponden al Usuario, suministrados al Titular, y el derecho de transmitirlos a otro Titular sin impedimentos, si el tratamiento se basa en el consentimiento y se realiza con medios automatizados. Adem\u00e1s, el derecho a obtener que los datos personales del Usuario se transmitan directamente a otro Titular cuando ello sea t\u00e9cnicamente factible;<\/p>\n<p>\u2022 <strong>derecho de oposici\u00f3n<\/strong> \u2013 art\u00edculo 21 GDPR: derecho a oponerse, en cualquier momento por motivos conexos a su situaci\u00f3n particular, al tratamiento de los datos personales que corresponden al Usuario, bas\u00e1ndose en la condici\u00f3n de licitud del inter\u00e9s leg\u00edtimo o de la ejecuci\u00f3n de una obligaci\u00f3n de inter\u00e9s p\u00fablico o el ejercicio de poderes p\u00fablicos, incluido el profiling, salvo que subsistan motivos leg\u00edtimos del Titular para continuar el tratamiento que prevalgan sobre los intereses, derechos y libertades del Interesado, o para la constataci\u00f3n, el ejercicio o la defensa de un derecho en sede judicial. Adem\u00e1s, el derecho a oponerse en cualquier momento al tratamiento si los datos personales se tratan con fines de marketing directo, incluido el profiling, en la medida que vaya asociado al marketing directo;<\/p>\n<p>\u2022 <strong>derecho de revocaci\u00f3n <\/strong>\u2013 art\u00edculo 7 GDPR: el Usuario tiene derecho a revocar su consentimiento en cualquier momento. La revocaci\u00f3n del consentimiento no afecta a la licitud del tratamiento basada en el consentimiento anterior a la revocaci\u00f3n;<\/p>\n<p>\u2022 <strong>derecho de reclamaci\u00f3n<\/strong> \u2013 art\u00edculo 77 GDPR: el Usuario tiene derecho a interponer reclamaci\u00f3n ante la Autoridad Garante para la protecci\u00f3n de los datos personales, Piazza di Montecitorio 121, 00186, Roma (Italia).<\/p>\n<h3>9. MODALIDADES DE EJERCICIO DE LOS DERECHOS<\/h3>\n<p>El Usuario podr\u00e1 en cualquier momento ejercer sus derechos enviando una carta certificada con acuse de recibo a:<br \/>\nMPS EUROPE SRL Localit\u00e0 Dolcecanto 70024 Gravina in Puglia (BA) &#8211; Italy o un correo electr\u00f3nico certificado a la direcci\u00f3n <a href=\"mailto:mpseurope@pec.it\">mpseurope@pec.it<\/a>.<br \/>\nPara ejercer los derechos indicados en esta nota informativa, as\u00ed como para recibir cualquier informaci\u00f3n relativa a los mismos, el Usuario podr\u00e1 ponerse en contacto con el Titular que, incluso a trav\u00e9s de las estructuras correspondientes, proceder\u00e1 a atender la petici\u00f3n y proporcionar\u00e1 al Usuario, sin retraso justificado, y siempre en el plazo m\u00e1ximo de un mes tras la recepci\u00f3n de la misma, la informaci\u00f3n relativa a la acci\u00f3n realizada en relaci\u00f3n con la solicitud.<br \/>\nEl ejercicio de los derechos del Usuario ser\u00e1 gratuito, seg\u00fan establece el art\u00edculo 12 GDPR. Sin embargo, en caso de solicitudes manifiestamente infundadas o excesivas, incluido el caso de la reiteraci\u00f3n, el Titular podr\u00eda adeudar al Usuario una contribuci\u00f3n razonable a los gastos, en funci\u00f3n de los gastos administrativos soportados para atender la solicitud, o bien negarse a atender la misma.<\/p>\n<\/div>\n<\/div>\n<\/div>\n<\/div>\n<\/div>\n<\/div>\n<\/section>\n<\/div>\n<\/div>\n<\/div>\n<\/div>\n<\/div>\n<\/div>\n<\/section>\n","protected":false},"excerpt":{"rendered":"<p>Nota informativa sobre el tratamiento de los datos personales Informaci\u00f3n ofrecida en cumplimiento de los art\u00edculos 13-14 del GDPR (Reglamento general de protecci\u00f3n de datos) 2016\/679<span class=\"excerpt-hellip\"> [\u2026]<\/span><\/p>\n","protected":false},"author":1,"featured_media":0,"parent":0,"menu_order":0,"comment_status":"closed","ping_status":"closed","template":"","meta":{"footnotes":""},"class_list":["post-904","page","type-page","status-publish","hentry"],"yoast_head":"<!-- This site is optimized with the Yoast SEO plugin v24.5 - https:\/\/yoast.com\/wordpress\/plugins\/seo\/ -->\n<title>Pol\u00edtica de privacidad - MPS EUROPE<\/title>\n<meta name=\"robots\" content=\"index, follow, max-snippet:-1, max-image-preview:large, max-video-preview:-1\" \/>\n<link rel=\"canonical\" href=\"https:\/\/mpseurope.com\/privacy-policy\/\" \/>\n<meta property=\"og:locale\" content=\"es_ES\" \/>\n<meta property=\"og:type\" content=\"article\" \/>\n<meta property=\"og:title\" content=\"Pol\u00edtica de privacidad - MPS EUROPE\" \/>\n<meta property=\"og:description\" content=\"Nota informativa sobre el tratamiento de los datos personales Informaci\u00f3n ofrecida en cumplimiento de los art\u00edculos 13-14 del GDPR (Reglamento general de protecci\u00f3n de datos) 2016\/679 [\u2026]\" \/>\n<meta property=\"og:url\" content=\"https:\/\/mpseurope.com\/privacy-policy\/\" \/>\n<meta property=\"og:site_name\" content=\"MPS EUROPE\" \/>\n<meta property=\"article:modified_time\" content=\"2025-02-15T09:28:20+00:00\" \/>\n<meta name=\"twitter:card\" content=\"summary_large_image\" \/>\n<meta name=\"twitter:label1\" content=\"Est. reading time\" \/>\n\t<meta name=\"twitter:data1\" content=\"12 minutes\" \/>\n<script type=\"application\/ld+json\" class=\"yoast-schema-graph\">{\"@context\":\"https:\/\/schema.org\",\"@graph\":[{\"@type\":\"WebPage\",\"@id\":\"https:\/\/mpseurope.com\/privacy-policy\/\",\"url\":\"https:\/\/mpseurope.com\/privacy-policy\/\",\"name\":\"Pol\u00edtica de privacidad - MPS EUROPE\",\"isPartOf\":{\"@id\":\"https:\/\/mpseurope.com\/es\/#website\"},\"datePublished\":\"2025-01-12T17:13:21+00:00\",\"dateModified\":\"2025-02-15T09:28:20+00:00\",\"breadcrumb\":{\"@id\":\"https:\/\/mpseurope.com\/privacy-policy\/#breadcrumb\"},\"inLanguage\":\"es-ES\",\"potentialAction\":[{\"@type\":\"ReadAction\",\"target\":[\"https:\/\/mpseurope.com\/privacy-policy\/\"]}]},{\"@type\":\"BreadcrumbList\",\"@id\":\"https:\/\/mpseurope.com\/privacy-policy\/#breadcrumb\",\"itemListElement\":[{\"@type\":\"ListItem\",\"position\":1,\"name\":\"Home\",\"item\":\"https:\/\/mpseurope.com\/es\/\"},{\"@type\":\"ListItem\",\"position\":2,\"name\":\"Pol\u00edtica de privacidad\"}]},{\"@type\":\"WebSite\",\"@id\":\"https:\/\/mpseurope.com\/es\/#website\",\"url\":\"https:\/\/mpseurope.com\/es\/\",\"name\":\"MPS EUROPE\",\"description\":\"\",\"potentialAction\":[{\"@type\":\"SearchAction\",\"target\":{\"@type\":\"EntryPoint\",\"urlTemplate\":\"https:\/\/mpseurope.com\/es\/?s={search_term_string}\"},\"query-input\":{\"@type\":\"PropertyValueSpecification\",\"valueRequired\":true,\"valueName\":\"search_term_string\"}}],\"inLanguage\":\"es-ES\"}]}<\/script>\n<!-- \/ Yoast SEO plugin. -->","yoast_head_json":{"title":"Pol\u00edtica de privacidad - MPS EUROPE","robots":{"index":"index","follow":"follow","max-snippet":"max-snippet:-1","max-image-preview":"max-image-preview:large","max-video-preview":"max-video-preview:-1"},"canonical":"https:\/\/mpseurope.com\/privacy-policy\/","og_locale":"es_ES","og_type":"article","og_title":"Pol\u00edtica de privacidad - MPS EUROPE","og_description":"Nota informativa sobre el tratamiento de los datos personales Informaci\u00f3n ofrecida en cumplimiento de los art\u00edculos 13-14 del GDPR (Reglamento general de protecci\u00f3n de datos) 2016\/679 [\u2026]","og_url":"https:\/\/mpseurope.com\/privacy-policy\/","og_site_name":"MPS EUROPE","article_modified_time":"2025-02-15T09:28:20+00:00","twitter_card":"summary_large_image","twitter_misc":{"Est. reading time":"12 minutes"},"schema":{"@context":"https:\/\/schema.org","@graph":[{"@type":"WebPage","@id":"https:\/\/mpseurope.com\/privacy-policy\/","url":"https:\/\/mpseurope.com\/privacy-policy\/","name":"Pol\u00edtica de privacidad - MPS EUROPE","isPartOf":{"@id":"https:\/\/mpseurope.com\/es\/#website"},"datePublished":"2025-01-12T17:13:21+00:00","dateModified":"2025-02-15T09:28:20+00:00","breadcrumb":{"@id":"https:\/\/mpseurope.com\/privacy-policy\/#breadcrumb"},"inLanguage":"es-ES","potentialAction":[{"@type":"ReadAction","target":["https:\/\/mpseurope.com\/privacy-policy\/"]}]},{"@type":"BreadcrumbList","@id":"https:\/\/mpseurope.com\/privacy-policy\/#breadcrumb","itemListElement":[{"@type":"ListItem","position":1,"name":"Home","item":"https:\/\/mpseurope.com\/es\/"},{"@type":"ListItem","position":2,"name":"Pol\u00edtica de privacidad"}]},{"@type":"WebSite","@id":"https:\/\/mpseurope.com\/es\/#website","url":"https:\/\/mpseurope.com\/es\/","name":"MPS EUROPE","description":"","potentialAction":[{"@type":"SearchAction","target":{"@type":"EntryPoint","urlTemplate":"https:\/\/mpseurope.com\/es\/?s={search_term_string}"},"query-input":{"@type":"PropertyValueSpecification","valueRequired":true,"valueName":"search_term_string"}}],"inLanguage":"es-ES"}]}},"_links":{"self":[{"href":"https:\/\/mpseurope.com\/es\/wp-json\/wp\/v2\/pages\/904","targetHints":{"allow":["GET"]}}],"collection":[{"href":"https:\/\/mpseurope.com\/es\/wp-json\/wp\/v2\/pages"}],"about":[{"href":"https:\/\/mpseurope.com\/es\/wp-json\/wp\/v2\/types\/page"}],"author":[{"embeddable":true,"href":"https:\/\/mpseurope.com\/es\/wp-json\/wp\/v2\/users\/1"}],"replies":[{"embeddable":true,"href":"https:\/\/mpseurope.com\/es\/wp-json\/wp\/v2\/comments?post=904"}],"version-history":[{"count":4,"href":"https:\/\/mpseurope.com\/es\/wp-json\/wp\/v2\/pages\/904\/revisions"}],"predecessor-version":[{"id":1044,"href":"https:\/\/mpseurope.com\/es\/wp-json\/wp\/v2\/pages\/904\/revisions\/1044"}],"wp:attachment":[{"href":"https:\/\/mpseurope.com\/es\/wp-json\/wp\/v2\/media?parent=904"}],"curies":[{"name":"wp","href":"https:\/\/api.w.org\/{rel}","templated":true}]}}